

{"id":5174,"date":"2021-07-28T12:50:35","date_gmt":"2021-07-28T10:50:35","guid":{"rendered":"https:\/\/www.arione.it\/territorio\/"},"modified":"2023-06-09T15:08:32","modified_gmt":"2023-06-09T13:08:32","slug":"territorio","status":"publish","type":"page","link":"https:\/\/www.arione.it\/es\/territorio\/","title":{"rendered":"Territorio"},"content":{"rendered":"    <div class=\"oi-block oi-block-hero animate slide-up fade\">\n\n        <div class=\"hero-content\">\n                                                <div class=\"hero-image\">\n                        <img decoding=\"async\" width=\"1600\" height=\"1066\" src=\"https:\/\/www.arione.it\/wp-content\/uploads\/2021\/10\/arione-territorio-testata.jpg\" class=\"img-fluid\" alt=\"\" loading=\"lazy\" srcset=\"https:\/\/www.arione.it\/wp-content\/uploads\/2021\/10\/arione-territorio-testata.jpg 1600w, https:\/\/www.arione.it\/wp-content\/uploads\/2021\/10\/arione-territorio-testata-1536x1023.jpg 1536w, https:\/\/www.arione.it\/wp-content\/uploads\/2021\/10\/arione-territorio-testata-150x100.jpg 150w, https:\/\/www.arione.it\/wp-content\/uploads\/2021\/10\/arione-territorio-testata-575x383.jpg 575w, https:\/\/www.arione.it\/wp-content\/uploads\/2021\/10\/arione-territorio-testata-767x511.jpg 767w, https:\/\/www.arione.it\/wp-content\/uploads\/2021\/10\/arione-territorio-testata-991x660.jpg 991w, https:\/\/www.arione.it\/wp-content\/uploads\/2021\/10\/arione-territorio-testata-1199x799.jpg 1199w\" sizes=\"auto, (max-width: 1600px) 100vw, 1600px\" \/>                    <\/div>\n                            \n                            <div class=\"hero-header\">\n                    <div class=\"container\">\n                        <div class=\"row\">\n                            <div class=\"col-12 col-md-10 col-lg-8 col-xl-6 offset-lg-1\">\n                                <h1 class=\"title\"><mark style=\"background-color:rgba(0, 0, 0, 0)\" class=\"has-inline-color has-white-color\">Las Langhe y el Monferrato<\/mark><\/h1>\n                            <\/div>\n                        <\/div>\n                    <\/div>\n                <\/div>\n            \n                            <div class=\"hero-body\">\n                    <div class=\"container\">\n                        <div class=\"row\">\n                            <div class=\"col-12 col-md-8 col-lg-6 col-xl-4 offset-lg-1\">\n                                \n\n<p><mark style=\"background-color:rgba(0, 0, 0, 0)\" class=\"has-inline-color has-white-color\">Un paisaje de relaciones y tradici\u00f3n vitivin\u00edcola<\/mark><\/p>\n\n                            <\/div>\n                        <\/div>\n                    <\/div>\n                <\/div>\n                    <\/div>\n\n                    <div class=\"hero-footer\">\n                <div class=\"container\">\n                    <div class=\"row justify-content-center\">\n                        <div class=\"col-12 col-md-11 col-lg-10 col-xl-8\">\n                            <div class=\"row justify-content-center\">\n                                                                    <div class=\"col-12 col-md-6\">\n                                        <div class=\"dropdown\">\n                                            <button class=\"dropdown-toggle\" type=\"button\" id=\"dropdownMenuButton\" data-bs-toggle=\"dropdown\" aria-expanded=\"false\">\n                                                COLECCI\u00d3N                                            <\/button>\n                                            <div class=\"dropdown-menu\" aria-labelledby=\"dropdownMenuButton\">\n                                                <div class=\"menu-collection-container\"><ul id=\"menu-collection\" class=\"menu\"><li id=\"menu-item-207\" class=\"menu-item menu-item-type-taxonomy menu-item-object-collection menu-item-207\"><a href=\"https:\/\/www.arione.it\/collection\/arione\/\">Arione<\/a><\/li>\n<li id=\"menu-item-209\" class=\"menu-item menu-item-type-taxonomy menu-item-object-collection menu-item-209\"><a href=\"https:\/\/www.arione.it\/collection\/contessa-di-castiglione\/\">Contessa di Castiglione<\/a><\/li>\n<li id=\"menu-item-210\" class=\"menu-item menu-item-type-taxonomy menu-item-object-collection menu-item-210\"><a href=\"https:\/\/www.arione.it\/collection\/f-lli-aliberti\/\">F.lli Aliberti<\/a><\/li>\n<li id=\"menu-item-215\" class=\"menu-item menu-item-type-taxonomy menu-item-object-collection menu-item-215\"><a href=\"https:\/\/www.arione.it\/collection\/trevil\/\">Trevil<\/a><\/li>\n<li id=\"menu-item-204\" class=\"menu-item menu-item-type-taxonomy menu-item-object-collection menu-item-204\"><a href=\"https:\/\/www.arione.it\/collection\/800\/\">800<\/a><\/li>\n<li id=\"menu-item-205\" class=\"menu-item menu-item-type-taxonomy menu-item-object-collection menu-item-205\"><a href=\"https:\/\/www.arione.it\/collection\/alte-frange\/\">Alte Frange<\/a><\/li>\n<li id=\"menu-item-213\" class=\"menu-item menu-item-type-taxonomy menu-item-object-collection menu-item-213\"><a href=\"https:\/\/www.arione.it\/collection\/rustichetto\/\">Rustichetto<\/a><\/li>\n<li id=\"menu-item-214\" class=\"menu-item menu-item-type-taxonomy menu-item-object-collection menu-item-214\"><a href=\"https:\/\/www.arione.it\/collection\/rustico-di-cantina\/\">Rustico di cantina<\/a><\/li>\n<li id=\"menu-item-206\" class=\"menu-item menu-item-type-taxonomy menu-item-object-collection menu-item-206\"><a href=\"https:\/\/www.arione.it\/collection\/antes\/\">Antes<\/a><\/li>\n<li id=\"menu-item-212\" class=\"menu-item menu-item-type-taxonomy menu-item-object-collection menu-item-212\"><a href=\"https:\/\/www.arione.it\/collection\/rico\/\">Ric\u00f2<\/a><\/li>\n<li id=\"menu-item-208\" class=\"menu-item menu-item-type-taxonomy menu-item-object-collection menu-item-208\"><a href=\"https:\/\/www.arione.it\/collection\/bruno\/\">Bruno<\/a><\/li>\n<li id=\"menu-item-216\" class=\"menu-item menu-item-type-taxonomy menu-item-object-collection menu-item-216\"><a href=\"https:\/\/www.arione.it\/collection\/umi\/\">Umi<\/a><\/li>\n<li id=\"menu-item-670\" class=\"menu-item menu-item-type-taxonomy menu-item-object-collection menu-item-670\"><a href=\"https:\/\/www.arione.it\/collection\/arione-drink\/\">Arione Drink<\/a><\/li>\n<li id=\"menu-item-211\" class=\"menu-item menu-item-type-taxonomy menu-item-object-collection menu-item-211\"><a href=\"https:\/\/www.arione.it\/collection\/mama\/\">Mama<\/a><\/li>\n<li id=\"menu-item-6868\" class=\"menu-item menu-item-type-taxonomy menu-item-object-collection menu-item-6868\"><a href=\"https:\/\/www.arione.it\/collection\/hup\/\">HUP<\/a><\/li>\n<\/ul><\/div>                                            <\/div>\n                                        <\/div>\n                                    <\/div>\n                                                                                                    <div class=\"col-12 col-md-6\">\n                                        <div class=\"dropdown\">\n                                            <button class=\"dropdown-toggle\" type=\"button\" id=\"dropdownMenuButton41\" data-bs-toggle=\"dropdown\" aria-expanded=\"false\">\n                                                VINOS                                            <\/button>\n                                            <div class=\"dropdown-menu\" aria-labelledby=\"dropdownMenuButton41\">\n                                                <div class=\"menu-vini-es-container\"><ul id=\"menu-vini-es\" class=\"menu\"><li id=\"menu-item-5359\" class=\"menu-item menu-item-type-taxonomy menu-item-object-type menu-item-5359\"><a href=\"https:\/\/www.arione.it\/es\/type\/bebidas-combinadas\/\">Bebidas combinadas<\/a><\/li>\n<li id=\"menu-item-5360\" class=\"menu-item menu-item-type-taxonomy menu-item-object-type menu-item-5360\"><a href=\"https:\/\/www.arione.it\/es\/type\/espumosos-dulces\/\">Espumosos dulces<\/a><\/li>\n<li id=\"menu-item-5361\" class=\"menu-item menu-item-type-taxonomy menu-item-object-type menu-item-5361\"><a href=\"https:\/\/www.arione.it\/es\/type\/espumosos-secos\/\">Espumosos secos<\/a><\/li>\n<li id=\"menu-item-5362\" class=\"menu-item menu-item-type-taxonomy menu-item-object-type menu-item-5362\"><a href=\"https:\/\/www.arione.it\/es\/type\/vinos-blancos\/\">Vinos blancos<\/a><\/li>\n<li id=\"menu-item-5363\" class=\"menu-item menu-item-type-taxonomy menu-item-object-type menu-item-5363\"><a href=\"https:\/\/www.arione.it\/es\/type\/vinos-blancos-de-aguja\/\">Vinos blancos de aguja<\/a><\/li>\n<li id=\"menu-item-5364\" class=\"menu-item menu-item-type-taxonomy menu-item-object-type menu-item-5364\"><a href=\"https:\/\/www.arione.it\/es\/type\/vinos-dulces\/\">Vinos dulces<\/a><\/li>\n<li id=\"menu-item-5365\" class=\"menu-item menu-item-type-taxonomy menu-item-object-type menu-item-5365\"><a href=\"https:\/\/www.arione.it\/es\/type\/vinos-en-otros-envases\/\">Vinos en otros envases<\/a><\/li>\n<li id=\"menu-item-5366\" class=\"menu-item menu-item-type-taxonomy menu-item-object-type menu-item-5366\"><a href=\"https:\/\/www.arione.it\/es\/type\/vinos-tintos\/\">Vinos tintos<\/a><\/li>\n<li id=\"menu-item-5367\" class=\"menu-item menu-item-type-taxonomy menu-item-object-type menu-item-5367\"><a href=\"https:\/\/www.arione.it\/es\/type\/vinos-tintos-de-aguja\/\">Vinos tintos de aguja<\/a><\/li>\n<li id=\"menu-item-6984\" class=\"menu-item menu-item-type-taxonomy menu-item-object-type menu-item-6984\"><a href=\"https:\/\/www.arione.it\/es\/type\/bevande-analcoliche-es\/\">Bebidas sin alcohol<\/a><\/li>\n<\/ul><\/div>                                            <\/div>\n                                        <\/div>\n                                    <\/div>\n                                                            <\/div>\n                        <\/div>\n                    <\/div>\n                <\/div>\n            <\/div>\n        \n\n    <\/div>\n\n\n    <div class=\"oi-block oi-block-custom animate slide-up fade bg-white\">\n        <div class=\"container\">\n            <div class=\"row justify-content-center\">\n                <div class=\"col-12 col-md-11 col-lg-10 col-xl-8 col-xxl-6\">\n                                            <div class=\"block-header\">\n                                                            <h5 class=\"overtitle\">01<\/h5>\n                                <div class=\"divider\"><\/div>\n                                                                                        <h3 class=\"title\">Los mejores vi\u00f1edos para unos vinos de excelencia<\/h3>\n                                                    <\/div>\n                                                                <div class=\"block-body\">\n                                                            <div class=\"block-content\">\n\n<p>La empresa Arione dispone de vi\u00f1edos en las <strong>mejores tierras del Piamonte, las Langhe y el Monferrato<\/strong>, dedicadas desde tiempos hist\u00f3ricos a la producci\u00f3n vin\u00edcola de alt\u00edsima calidad.<\/p>\n\n\n\n<p>El territorio de las <strong>Langhe<\/strong>, principalmente extendido en la provincia de Cuneo, est\u00e1 encerrado en un pol\u00edgono delimitado al sur por los Alpes Mar\u00edtimos de Liguria, al oeste por el r\u00edo Tanaro, al este por el r\u00edo Bormida de Spigno y al norte por el r\u00edo Tanaro y las colinas de Astigiano.<\/p>\n\n\n\n<p>El <strong>Monferrato<\/strong>, casi exclusivamente monta\u00f1oso, se incluye principalmente en las provincias de Alessandria y Asti y se extiende hacia el sur a partir de la parte derecha del r\u00edo Po, hasta llegar a los pies de los Apeninos de Liguria en la frontera con las provincias de G\u00e9nova y Savona.<\/p>\n\n<\/div>\n                                                                                <\/div>\n                                                                <div class=\"block-footer\">\n                            <div class=\"parallax-images\">\n                                                                    <img decoding=\"async\" width=\"454\" height=\"462\" src=\"https:\/\/www.arione.it\/wp-content\/uploads\/2021\/07\/arione-territorio-amore-sinistra-1.jpg\" class=\"parallax-left\" alt=\"\" loading=\"lazy\" srcset=\"https:\/\/www.arione.it\/wp-content\/uploads\/2021\/07\/arione-territorio-amore-sinistra-1.jpg 454w, https:\/\/www.arione.it\/wp-content\/uploads\/2021\/07\/arione-territorio-amore-sinistra-1-150x153.jpg 150w\" sizes=\"auto, (max-width: 454px) 100vw, 454px\" \/>                                                                                                    <img decoding=\"async\" width=\"365\" height=\"372\" src=\"https:\/\/www.arione.it\/wp-content\/uploads\/2021\/10\/vigne-arione.jpg\" class=\"parallax-right\" alt=\"\" loading=\"lazy\" srcset=\"https:\/\/www.arione.it\/wp-content\/uploads\/2021\/10\/vigne-arione.jpg 365w, https:\/\/www.arione.it\/wp-content\/uploads\/2021\/10\/vigne-arione-150x153.jpg 150w\" sizes=\"auto, (max-width: 365px) 100vw, 365px\" \/>                                                            <\/div>\n                        <\/div>\n                                    <\/div>\n            <\/div>\n        <\/div>\n    <\/div>\n\n\n    <div class=\"oi-block oi-block-banner animate slide-up fade bg-transparent \">\n                    <div class=\"banner-background\">\n                <img decoding=\"async\" width=\"1920\" height=\"900\" src=\"https:\/\/www.arione.it\/wp-content\/uploads\/2021\/10\/arione-territorio-paesaggio-vista.jpg\" class=\"img-fluid\" alt=\"\" loading=\"lazy\" srcset=\"https:\/\/www.arione.it\/wp-content\/uploads\/2021\/10\/arione-territorio-paesaggio-vista.jpg 1920w, https:\/\/www.arione.it\/wp-content\/uploads\/2021\/10\/arione-territorio-paesaggio-vista-1536x720.jpg 1536w, https:\/\/www.arione.it\/wp-content\/uploads\/2021\/10\/arione-territorio-paesaggio-vista-150x70.jpg 150w, https:\/\/www.arione.it\/wp-content\/uploads\/2021\/10\/arione-territorio-paesaggio-vista-575x270.jpg 575w, https:\/\/www.arione.it\/wp-content\/uploads\/2021\/10\/arione-territorio-paesaggio-vista-767x360.jpg 767w, https:\/\/www.arione.it\/wp-content\/uploads\/2021\/10\/arione-territorio-paesaggio-vista-991x465.jpg 991w, https:\/\/www.arione.it\/wp-content\/uploads\/2021\/10\/arione-territorio-paesaggio-vista-1199x562.jpg 1199w\" sizes=\"auto, (max-width: 1920px) 100vw, 1920px\" \/>            <\/div>\n        \n        \n        \n    <\/div>\n\n\n    <div class=\"oi-block oi-block-custom animate slide-up fade bg-white\">\n        <div class=\"container\">\n            <div class=\"row justify-content-center\">\n                <div class=\"col-12 col-md-11 col-lg-10 col-xl-8 col-xxl-6\">\n                                            <div class=\"block-header\">\n                                                            <h5 class=\"overtitle\">02<\/h5>\n                                <div class=\"divider\"><\/div>\n                                                                                        <h3 class=\"title\">Una tierra preciosa<\/h3>\n                                                    <\/div>\n                                                                <div class=\"block-body\">\n                                                            <div class=\"block-content\">\n\n<p>En estos territorios, las margas y las arenas formadas en tiempos remotos han regalado a las ra\u00edces de las <strong>vides Nebbiolo y Dolcetto<\/strong>, as\u00ed como al Moscato y a la Barbera t\u00edpicas de zona, fragancias de violeta y de rosa marchita, sabores de fruta y de frambuesa madura.<\/p>\n\n\n\n<p>Aqu\u00ed, los <strong>paisajes deslumbrantes y encantadores<\/strong> comunican con fuerza su singularidad y la profundidad de sus ra\u00edces excavadas en la toba; y es precisamente en este escenario donde surgen los dos pa\u00edses en los que la empresa Arione posee los vi\u00f1edos y las bodegas:&nbsp;<strong>Canelli<\/strong>&nbsp;y&nbsp;<strong>Castiglione Tinella<\/strong>.<\/p>\n\n<\/div>\n                                                                                <\/div>\n                                                                <div class=\"block-footer\">\n                            <div class=\"parallax-images\">\n                                                                    <img decoding=\"async\" width=\"445\" height=\"462\" src=\"https:\/\/www.arione.it\/wp-content\/uploads\/2021\/10\/arione-uve.jpg\" class=\"parallax-left\" alt=\"\" loading=\"lazy\" srcset=\"https:\/\/www.arione.it\/wp-content\/uploads\/2021\/10\/arione-uve.jpg 445w, https:\/\/www.arione.it\/wp-content\/uploads\/2021\/10\/arione-uve-150x156.jpg 150w\" sizes=\"auto, (max-width: 445px) 100vw, 445px\" \/>                                                                                                    <img decoding=\"async\" width=\"365\" height=\"365\" src=\"https:\/\/www.arione.it\/wp-content\/uploads\/2021\/10\/arione-home-paesaggio-small.jpg\" class=\"parallax-right\" alt=\"\" loading=\"lazy\" srcset=\"https:\/\/www.arione.it\/wp-content\/uploads\/2021\/10\/arione-home-paesaggio-small.jpg 365w, https:\/\/www.arione.it\/wp-content\/uploads\/2021\/10\/arione-home-paesaggio-small-150x150.jpg 150w\" sizes=\"auto, (max-width: 365px) 100vw, 365px\" \/>                                                            <\/div>\n                        <\/div>\n                                    <\/div>\n            <\/div>\n        <\/div>\n    <\/div>\n\n\n    <div class=\"oi-block oi-block-banner animate slide-up fade bg-transparent \">\n                    <div class=\"banner-background\">\n                <img decoding=\"async\" width=\"1920\" height=\"900\" src=\"https:\/\/www.arione.it\/wp-content\/uploads\/2021\/10\/arione-territorio-paesaggio.jpg\" class=\"img-fluid\" alt=\"\" loading=\"lazy\" srcset=\"https:\/\/www.arione.it\/wp-content\/uploads\/2021\/10\/arione-territorio-paesaggio.jpg 1920w, https:\/\/www.arione.it\/wp-content\/uploads\/2021\/10\/arione-territorio-paesaggio-1536x720.jpg 1536w, https:\/\/www.arione.it\/wp-content\/uploads\/2021\/10\/arione-territorio-paesaggio-150x70.jpg 150w, https:\/\/www.arione.it\/wp-content\/uploads\/2021\/10\/arione-territorio-paesaggio-575x270.jpg 575w, https:\/\/www.arione.it\/wp-content\/uploads\/2021\/10\/arione-territorio-paesaggio-767x360.jpg 767w, https:\/\/www.arione.it\/wp-content\/uploads\/2021\/10\/arione-territorio-paesaggio-991x465.jpg 991w, https:\/\/www.arione.it\/wp-content\/uploads\/2021\/10\/arione-territorio-paesaggio-1199x562.jpg 1199w\" sizes=\"auto, (max-width: 1920px) 100vw, 1920px\" \/>            <\/div>\n        \n        \n        \n    <\/div>\n","protected":false},"excerpt":{"rendered":"","protected":false},"author":1,"featured_media":0,"parent":0,"menu_order":0,"comment_status":"closed","ping_status":"open","template":"","meta":{"footnotes":""},"class_list":["post-5174","page","type-page","status-publish","hentry"],"_links":{"self":[{"href":"https:\/\/www.arione.it\/es\/wp-json\/wp\/v2\/pages\/5174","targetHints":{"allow":["GET"]}}],"collection":[{"href":"https:\/\/www.arione.it\/es\/wp-json\/wp\/v2\/pages"}],"about":[{"href":"https:\/\/www.arione.it\/es\/wp-json\/wp\/v2\/types\/page"}],"author":[{"embeddable":true,"href":"https:\/\/www.arione.it\/es\/wp-json\/wp\/v2\/users\/1"}],"replies":[{"embeddable":true,"href":"https:\/\/www.arione.it\/es\/wp-json\/wp\/v2\/comments?post=5174"}],"version-history":[{"count":3,"href":"https:\/\/www.arione.it\/es\/wp-json\/wp\/v2\/pages\/5174\/revisions"}],"predecessor-version":[{"id":5433,"href":"https:\/\/www.arione.it\/es\/wp-json\/wp\/v2\/pages\/5174\/revisions\/5433"}],"wp:attachment":[{"href":"https:\/\/www.arione.it\/es\/wp-json\/wp\/v2\/media?parent=5174"}],"curies":[{"name":"wp","href":"https:\/\/api.w.org\/{rel}","templated":true}]}}