

{"id":3188,"date":"2021-08-11T15:14:48","date_gmt":"2021-08-11T13:14:48","guid":{"rendered":"https:\/\/www.arione.it\/horeca\/"},"modified":"2022-03-10T12:36:22","modified_gmt":"2022-03-10T11:36:22","slug":"horeca","status":"publish","type":"page","link":"https:\/\/www.arione.it\/de\/horeca\/","title":{"rendered":"Horeca"},"content":{"rendered":"    <div class=\"oi-block oi-block-hero animate slide-up fade\">\n\n        <div class=\"hero-content\">\n                                                <div class=\"hero-image\">\n                        <img decoding=\"async\" width=\"1920\" height=\"1280\" src=\"https:\/\/www.arione.it\/wp-content\/uploads\/2021\/11\/arione-horeca-restaurant-testata-scura.jpg\" class=\"img-fluid\" alt=\"\" loading=\"lazy\" srcset=\"https:\/\/www.arione.it\/wp-content\/uploads\/2021\/11\/arione-horeca-restaurant-testata-scura.jpg 1920w, https:\/\/www.arione.it\/wp-content\/uploads\/2021\/11\/arione-horeca-restaurant-testata-scura-1536x1024.jpg 1536w, https:\/\/www.arione.it\/wp-content\/uploads\/2021\/11\/arione-horeca-restaurant-testata-scura-150x100.jpg 150w, https:\/\/www.arione.it\/wp-content\/uploads\/2021\/11\/arione-horeca-restaurant-testata-scura-575x383.jpg 575w, https:\/\/www.arione.it\/wp-content\/uploads\/2021\/11\/arione-horeca-restaurant-testata-scura-767x511.jpg 767w, https:\/\/www.arione.it\/wp-content\/uploads\/2021\/11\/arione-horeca-restaurant-testata-scura-991x661.jpg 991w, https:\/\/www.arione.it\/wp-content\/uploads\/2021\/11\/arione-horeca-restaurant-testata-scura-1199x799.jpg 1199w\" sizes=\"auto, (max-width: 1920px) 100vw, 1920px\" \/>                    <\/div>\n                            \n                            <div class=\"hero-header\">\n                    <div class=\"container\">\n                        <div class=\"row\">\n                            <div class=\"col-12 col-md-10 col-lg-8 col-xl-6 offset-lg-1\">\n                                <h1 class=\"title\"><mark style=\"background-color:rgba(0, 0, 0, 0)\" class=\"has-inline-color has-white-color\">Arione ist der ideale Partner f\u00fcr Ihre Weinkarte!<\/mark><\/h1>\n                            <\/div>\n                        <\/div>\n                    <\/div>\n                <\/div>\n            \n                            <div class=\"hero-body\">\n                    <div class=\"container\">\n                        <div class=\"row\">\n                            <div class=\"col-12 col-md-8 col-lg-6 col-xl-4 offset-lg-1\">\n                                \n\n<p><mark style=\"background-color:rgba(0, 0, 0, 0)\" class=\"has-inline-color has-white-color\">Unser Team steht Ihnen gerne zur Verf\u00fcgung, um auf Ihre Anfragen einzugehen und gemeinsam mit Ihnen ein individuelles Angebot zusammenzustellen<\/mark>.<\/p>\n\n                            <\/div>\n                        <\/div>\n                    <\/div>\n                <\/div>\n                    <\/div>\n\n                    <div class=\"hero-footer\">\n                <div class=\"container\">\n                    <div class=\"row justify-content-center\">\n                        <div class=\"col-12 col-md-11 col-lg-10 col-xl-8\">\n                            <div class=\"row justify-content-center\">\n                                                                    <div class=\"col-12 col-md-6\">\n                                        <div class=\"dropdown\">\n                                            <button class=\"dropdown-toggle\" type=\"button\" id=\"dropdownMenuButton\" data-bs-toggle=\"dropdown\" aria-expanded=\"false\">\n                                                Collection                                            <\/button>\n                                            <div class=\"dropdown-menu\" aria-labelledby=\"dropdownMenuButton\">\n                                                <div class=\"menu-collection-container\"><ul id=\"menu-collection\" class=\"menu\"><li id=\"menu-item-207\" class=\"menu-item menu-item-type-taxonomy menu-item-object-collection menu-item-207\"><a href=\"https:\/\/www.arione.it\/collection\/arione\/\">Arione<\/a><\/li>\n<li id=\"menu-item-209\" class=\"menu-item menu-item-type-taxonomy menu-item-object-collection menu-item-209\"><a href=\"https:\/\/www.arione.it\/collection\/contessa-di-castiglione\/\">Contessa di Castiglione<\/a><\/li>\n<li id=\"menu-item-210\" class=\"menu-item menu-item-type-taxonomy menu-item-object-collection menu-item-210\"><a href=\"https:\/\/www.arione.it\/collection\/f-lli-aliberti\/\">F.lli Aliberti<\/a><\/li>\n<li id=\"menu-item-215\" class=\"menu-item menu-item-type-taxonomy menu-item-object-collection menu-item-215\"><a href=\"https:\/\/www.arione.it\/collection\/trevil\/\">Trevil<\/a><\/li>\n<li id=\"menu-item-204\" class=\"menu-item menu-item-type-taxonomy menu-item-object-collection menu-item-204\"><a href=\"https:\/\/www.arione.it\/collection\/800\/\">800<\/a><\/li>\n<li id=\"menu-item-205\" class=\"menu-item menu-item-type-taxonomy menu-item-object-collection menu-item-205\"><a href=\"https:\/\/www.arione.it\/collection\/alte-frange\/\">Alte Frange<\/a><\/li>\n<li id=\"menu-item-213\" class=\"menu-item menu-item-type-taxonomy menu-item-object-collection menu-item-213\"><a href=\"https:\/\/www.arione.it\/collection\/rustichetto\/\">Rustichetto<\/a><\/li>\n<li id=\"menu-item-214\" class=\"menu-item menu-item-type-taxonomy menu-item-object-collection menu-item-214\"><a href=\"https:\/\/www.arione.it\/collection\/rustico-di-cantina\/\">Rustico di cantina<\/a><\/li>\n<li id=\"menu-item-206\" class=\"menu-item menu-item-type-taxonomy menu-item-object-collection menu-item-206\"><a href=\"https:\/\/www.arione.it\/collection\/antes\/\">Antes<\/a><\/li>\n<li id=\"menu-item-212\" class=\"menu-item menu-item-type-taxonomy menu-item-object-collection menu-item-212\"><a href=\"https:\/\/www.arione.it\/collection\/rico\/\">Ric\u00f2<\/a><\/li>\n<li id=\"menu-item-208\" class=\"menu-item menu-item-type-taxonomy menu-item-object-collection menu-item-208\"><a href=\"https:\/\/www.arione.it\/collection\/bruno\/\">Bruno<\/a><\/li>\n<li id=\"menu-item-216\" class=\"menu-item menu-item-type-taxonomy menu-item-object-collection menu-item-216\"><a href=\"https:\/\/www.arione.it\/collection\/umi\/\">Umi<\/a><\/li>\n<li id=\"menu-item-670\" class=\"menu-item menu-item-type-taxonomy menu-item-object-collection menu-item-670\"><a href=\"https:\/\/www.arione.it\/collection\/arione-drink\/\">Arione Drink<\/a><\/li>\n<li id=\"menu-item-211\" class=\"menu-item menu-item-type-taxonomy menu-item-object-collection menu-item-211\"><a href=\"https:\/\/www.arione.it\/collection\/mama\/\">Mama<\/a><\/li>\n<li id=\"menu-item-6868\" class=\"menu-item menu-item-type-taxonomy menu-item-object-collection menu-item-6868\"><a href=\"https:\/\/www.arione.it\/collection\/hup\/\">HUP<\/a><\/li>\n<\/ul><\/div>                                            <\/div>\n                                        <\/div>\n                                    <\/div>\n                                                                                                    <div class=\"col-12 col-md-6\">\n                                        <div class=\"dropdown\">\n                                            <button class=\"dropdown-toggle\" type=\"button\" id=\"dropdownMenuButton172\" data-bs-toggle=\"dropdown\" aria-expanded=\"false\">\n                                                Weine                                            <\/button>\n                                            <div class=\"dropdown-menu\" aria-labelledby=\"dropdownMenuButton172\">\n                                                <div class=\"menu-weine-container\"><ul id=\"menu-weine\" class=\"menu\"><li id=\"menu-item-3366\" class=\"menu-item menu-item-type-taxonomy menu-item-object-type menu-item-3366\"><a href=\"https:\/\/www.arione.it\/de\/type\/trockene-schaumweine\/\">Trockene Schaumweine<\/a><\/li>\n<li id=\"menu-item-3364\" class=\"menu-item menu-item-type-taxonomy menu-item-object-type menu-item-3364\"><a href=\"https:\/\/www.arione.it\/de\/type\/suesse-schaumweine\/\">S\u00fc\u00dfe Schaumweine<\/a><\/li>\n<li id=\"menu-item-3363\" class=\"menu-item menu-item-type-taxonomy menu-item-object-type menu-item-3363\"><a href=\"https:\/\/www.arione.it\/de\/type\/rotweine\/\">Rotweine<\/a><\/li>\n<li id=\"menu-item-3369\" class=\"menu-item menu-item-type-taxonomy menu-item-object-type menu-item-3369\"><a href=\"https:\/\/www.arione.it\/de\/type\/weissweine\/\">Wei\u00dfweine<\/a><\/li>\n<li id=\"menu-item-3365\" class=\"menu-item menu-item-type-taxonomy menu-item-object-type menu-item-3365\"><a href=\"https:\/\/www.arione.it\/de\/type\/suessweine\/\">S\u00fc\u00dfweine<\/a><\/li>\n<li id=\"menu-item-3368\" class=\"menu-item menu-item-type-taxonomy menu-item-object-type menu-item-3368\"><a href=\"https:\/\/www.arione.it\/de\/type\/weisse-perlweine\/\">Wei\u00dfe Perlweine<\/a><\/li>\n<li id=\"menu-item-3362\" class=\"menu-item menu-item-type-taxonomy menu-item-object-type menu-item-3362\"><a href=\"https:\/\/www.arione.it\/de\/type\/rote-perlweine\/\">Rote Perlweine<\/a><\/li>\n<li id=\"menu-item-3367\" class=\"menu-item menu-item-type-taxonomy menu-item-object-type menu-item-3367\"><a href=\"https:\/\/www.arione.it\/de\/type\/weine-in-anderen-behaeltnissen\/\">Weine in anderen Beh\u00e4ltnissen<\/a><\/li>\n<li id=\"menu-item-3361\" class=\"menu-item menu-item-type-taxonomy menu-item-object-type menu-item-3361\"><a href=\"https:\/\/www.arione.it\/de\/type\/drink-type-de\/\">Drink<\/a><\/li>\n<li id=\"menu-item-6980\" class=\"menu-item menu-item-type-taxonomy menu-item-object-type menu-item-6980\"><a href=\"https:\/\/www.arione.it\/de\/type\/bevande-analcoliche-de\/\">Alkoholfreies Getr\u00e4nk<\/a><\/li>\n<\/ul><\/div>                                            <\/div>\n                                        <\/div>\n                                    <\/div>\n                                                            <\/div>\n                        <\/div>\n                    <\/div>\n                <\/div>\n            <\/div>\n        \n\n    <\/div>\n\n\n    <div class=\"oi-block oi-block-custom animate slide-up fade bg-white\">\n        <div class=\"container\">\n            <div class=\"row justify-content-center\">\n                <div class=\"col-12 col-md-11 col-lg-10 col-xl-8 col-xxl-6\">\n                                            <div class=\"block-header\">\n                                                            <h5 class=\"overtitle\">01<\/h5>\n                                <div class=\"divider\"><\/div>\n                                                                                        <h3 class=\"title\">Unsere Erfahrung im Horeca-Sektor<\/h3>\n                                                    <\/div>\n                                                                <div class=\"block-body\">\n                                                            <div class=\"block-content\">\n\n<p>Seit 35 Jahren entscheiden sich Beherbergungsbetriebe, Hotels, Bars und Landgasth\u00e4user f\u00fcr unsere Weine, um ihren G\u00e4sten ein Qualit\u00e4tsprodukt zum richtigen Preis anbieten und gleichzeitig von einem zuverl\u00e4ssigen, effizienten, pers\u00f6nlichen und p\u00fcnktlichen Kundenservice profitieren zu k\u00f6nnen. <strong>Wir stellen individuelle und ma\u00dfgeschneiderte Angebote zusammen<\/strong>, um den Bed\u00fcrfnissen und W\u00fcnschen unserer Kunden im B2B-Bereich <strong>in Italien und im Ausland<\/strong> gerecht zu werden. Wir sind stolz darauf, unsere Weine zu exportieren, und k\u00f6nnen auf Ihre Anfragen mit Seriosit\u00e4t, Erfahrung und Zuverl\u00e4ssigkeit reagieren.<\/p>\n\n\n\n<p>Unsere Weine werden in verschiedenen Formaten vermarktet:<\/p>\n\n\n    <div class=\"oi-block oi-block-layout-row row \">\n        \n    <div class=\"oi-block oi-block-layout-row-column col-12 col-sm-12 col-md-12 col-lg-4 col-xl-4 col-xxl-4\">\n        \n\n<div style=\"height:30px\" aria-hidden=\"true\" class=\"wp-block-spacer\"><\/div>\n\n\n\n<figure class=\"wp-block-image size-full is-resized\"><img decoding=\"async\" src=\"https:\/\/www.arione.it\/wp-content\/uploads\/2022\/02\/arione-icon-bottle.png\" alt=\"\" class=\"wp-image-1983\" width=\"90\" srcset=\"https:\/\/www.arione.it\/wp-content\/uploads\/2022\/02\/arione-icon-bottle.png 768w, https:\/\/www.arione.it\/wp-content\/uploads\/2022\/02\/arione-icon-bottle-150x150.png 150w, https:\/\/www.arione.it\/wp-content\/uploads\/2022\/02\/arione-icon-bottle-575x575.png 575w\" sizes=\"(max-width: 768px) 100vw, 768px\" \/><\/figure>\n\n\n\n<p><strong>Flaschen<\/strong><br>(unterschiedlichen Formats)<\/p>\n\n    <\/div>\n\n\n    <div class=\"oi-block oi-block-layout-row-column col-12 col-sm-12 col-md-12 col-lg-4 col-xl-4 col-xxl-4\">\n        \n\n<div style=\"height:30px\" aria-hidden=\"true\" class=\"wp-block-spacer\"><\/div>\n\n\n\n<figure class=\"wp-block-image size-full is-resized\"><img decoding=\"async\" src=\"https:\/\/www.arione.it\/wp-content\/uploads\/2021\/11\/arn-hvr-fusto-n.png\" alt=\"\" class=\"wp-image-1827\" width=\"90\" srcset=\"https:\/\/www.arione.it\/wp-content\/uploads\/2021\/11\/arn-hvr-fusto-n.png 768w, https:\/\/www.arione.it\/wp-content\/uploads\/2021\/11\/arn-hvr-fusto-n-150x150.png 150w, https:\/\/www.arione.it\/wp-content\/uploads\/2021\/11\/arn-hvr-fusto-n-575x575.png 575w\" sizes=\"(max-width: 768px) 100vw, 768px\" \/><\/figure>\n\n\n\n<p><strong>F\u00e4sser<\/strong><br>(Stahl und PET)<\/p>\n\n    <\/div>\n\n\n    <div class=\"oi-block oi-block-layout-row-column col-12 col-sm-12 col-md-12 col-lg-4 col-xl-4 col-xxl-4\">\n        \n\n<div style=\"height:30px\" aria-hidden=\"true\" class=\"wp-block-spacer\"><\/div>\n\n\n\n<figure class=\"wp-block-image size-full is-resized\"><img decoding=\"async\" src=\"https:\/\/www.arione.it\/wp-content\/uploads\/2021\/11\/arn-hvr-bag-n.png\" alt=\"\" class=\"wp-image-1833\" width=\"90\" srcset=\"https:\/\/www.arione.it\/wp-content\/uploads\/2021\/11\/arn-hvr-bag-n.png 768w, https:\/\/www.arione.it\/wp-content\/uploads\/2021\/11\/arn-hvr-bag-n-150x150.png 150w, https:\/\/www.arione.it\/wp-content\/uploads\/2021\/11\/arn-hvr-bag-n-575x575.png 575w\" sizes=\"(max-width: 768px) 100vw, 768px\" \/><\/figure>\n\n\n\n<p><strong>Bag-in-Box<\/strong><\/p>\n\n    <\/div>\n\n    <\/div>\n\n<\/div>\n                                                                                        <a class=\"btn btn-primary\" href=\"https:\/\/www.arione.it\/de\/catalog_category\/scarica-i-cataloghi-arione\/\">\n                                    Zu den Katalogen                                <\/a>\n                                                    <\/div>\n                                                        <\/div>\n            <\/div>\n        <\/div>\n    <\/div>\n\n\n    <div class=\"oi-block oi-block-double animate slide-up fade bg-black color-white\">\n        <img decoding=\"async\" class=\"hover-logo\" src=\"https:\/\/www.arione.it\/wp-content\/uploads\/2021\/07\/arione-logo-navbar.svg\" alt=\"\" \/>\n        <div class=\"container-fluid\">\n            <div class=\"row justify-content-center align-items-stretch g-0\">\n                <div class=\"col-12 col-md-6 order-md-0\">\n                                            <div class=\"featured-image\">\n                            <img decoding=\"async\" width=\"858\" height=\"700\" src=\"https:\/\/www.arione.it\/wp-content\/uploads\/2021\/10\/arione-horeca-form.jpg\" class=\"img-fluid\" alt=\"\" loading=\"lazy\" srcset=\"https:\/\/www.arione.it\/wp-content\/uploads\/2021\/10\/arione-horeca-form.jpg 858w, https:\/\/www.arione.it\/wp-content\/uploads\/2021\/10\/arione-horeca-form-150x122.jpg 150w, https:\/\/www.arione.it\/wp-content\/uploads\/2021\/10\/arione-horeca-form-575x469.jpg 575w, https:\/\/www.arione.it\/wp-content\/uploads\/2021\/10\/arione-horeca-form-767x626.jpg 767w\" sizes=\"auto, (max-width: 858px) 100vw, 858px\" \/>                        <\/div>\n                                    <\/div>\n                <div class=\"col-12 col-md-6 order-md-0 d-flex flex-column justify-content-center order-md-1\">\n                                            <div class=\"block-body\">\n                                                            <div class=\"block-content\">\n    <h3 class=\"oi-block oi-block-title h3\">Es gibt viele M\u00f6glichkeiten, ARIONE-Weinh\u00e4ndler zu werden:<\/h3>\n\n\n\n<ol class=\"has-white-color has-text-color wp-block-list\"><li>Kontaktieren Sie uns \u00fcber das untenstehende Formular <\/li><li>Rufen Sie uns unter der Nummer <br><img loading=\"lazy\" decoding=\"async\" width=\"170\" height=\"24\" class=\"wp-image-1310\" style=\"width: 170px;\" src=\"https:\/\/www.arione.it\/wp-content\/uploads\/2021\/10\/numero-arione-telefono.png\" alt=\"\" srcset=\"https:\/\/www.arione.it\/wp-content\/uploads\/2021\/10\/numero-arione-telefono.png 170w, https:\/\/www.arione.it\/wp-content\/uploads\/2021\/10\/numero-arione-telefono-150x21.png 150w\" sizes=\"auto, (max-width: 170px) 100vw, 170px\" \/>an<span style=\"background-color: var(--wp--preset--color--black) ; font-family: -apple-system, BlinkMacSystemFont, &quot;Segoe UI&quot;, Roboto, Oxygen-Sans, Ubuntu, Cantarell, &quot;Helvetica Neue&quot;, sans-serif;\"> <\/span><\/li><li>Schreiben Sie an <a href=\"mailto:export@arione.it\">export@arione.it<\/a><\/li><\/ol>\n\n\n\n<p>Ein Fachmann steht Ihnen zur Seite, um gemeinsam mit Ihnen ein personalisiertes Angebot zu erstellen und die Verf\u00fcgbarkeit der Produkte zu beurteilen.<\/p>\n\n<\/div>\n                                                                                <\/div>\n                                    <\/div>\n            <\/div>\n        <\/div>\n    <\/div>\n\n\n    <div class=\"oi-block oi-block-layout-section bg-white  form-offerta\">\n        \n    <div class=\"oi-block oi-block-layout-container container \">\n        \n    <div class=\"oi-block oi-block-layout-row row justify-content-center\">\n        \n    <div class=\"oi-block oi-block-layout-row-column col-12 col-sm-12 col-md-11 col-lg-10 col-xl-8 col-xxl-8\">\n        \n    <h3 class=\"oi-block oi-block-title h2 text-center\">F\u00fcllen Sie das Formular f\u00fcr Ihr pers\u00f6nliches Angebot aus<\/h3>\n\n\n    <div class=\"oi-block oi-block-layout-space bg-transparent\"><\/div>\n\n\n\n<div class=\"wp-block-contact-form-7-contact-form-selector\">\n<div class=\"wpcf7 no-js\" id=\"wpcf7-f2569-o1\" lang=\"de-DE\" dir=\"ltr\">\n<div class=\"screen-reader-response\"><p role=\"status\" aria-live=\"polite\" aria-atomic=\"true\"><\/p> <ul><\/ul><\/div>\n<form action=\"\/de\/wp-json\/wp\/v2\/pages\/3188#wpcf7-f2569-o1\" method=\"post\" class=\"wpcf7-form init\" aria-label=\"Kontaktformular\" novalidate=\"novalidate\" data-status=\"init\">\n<div style=\"display: none;\">\n<input type=\"hidden\" name=\"_wpcf7\" value=\"2569\" \/>\n<input type=\"hidden\" name=\"_wpcf7_version\" value=\"5.7.6\" \/>\n<input type=\"hidden\" name=\"_wpcf7_locale\" value=\"de_DE\" \/>\n<input type=\"hidden\" name=\"_wpcf7_unit_tag\" value=\"wpcf7-f2569-o1\" \/>\n<input type=\"hidden\" name=\"_wpcf7_container_post\" value=\"0\" \/>\n<input type=\"hidden\" name=\"_wpcf7_posted_data_hash\" value=\"\" \/>\n<input type=\"hidden\" name=\"_wpcf7_recaptcha_response\" value=\"\" \/>\n<\/div>\n<div class=\"row\">\n<div class=\"col-12 col-md-6\">\n<div class=\"form-group\">\n<span class=\"wpcf7-form-control-wrap\" data-name=\"customer-name\"><input size=\"40\" class=\"wpcf7-form-control wpcf7-text wpcf7-validates-as-required form-control\" aria-required=\"true\" aria-invalid=\"false\" placeholder=\"Nome *\" value=\"\" type=\"text\" name=\"customer-name\" \/><\/span>\n<label for=\"customer-name\">Vorname *<\/label>\n<\/div>\n<\/div>\n<div class=\"col-12 col-md-6\">\n<div class=\"form-group\">\n<span class=\"wpcf7-form-control-wrap\" data-name=\"customer-surname\"><input size=\"40\" class=\"wpcf7-form-control wpcf7-text wpcf7-validates-as-required form-control\" aria-required=\"true\" aria-invalid=\"false\" placeholder=\"Cognome *\" value=\"\" type=\"text\" name=\"customer-surname\" \/><\/span>\n<label for=\"customer-surname\">Nachname *<\/label>\n<\/div>\n<\/div>\n<\/div>\n\n<div class=\"row\">\n<div class=\"col-12 col-md-6\">\n<div class=\"form-group\">\n<span class=\"wpcf7-form-control-wrap\" data-name=\"customer-company\"><input size=\"40\" class=\"wpcf7-form-control wpcf7-text wpcf7-validates-as-required form-control\" aria-required=\"true\" aria-invalid=\"false\" placeholder=\"Azienda *\" value=\"\" type=\"text\" name=\"customer-company\" \/><\/span>\n<label for=\"customer-company\">Agentur *<\/label>\n<\/div>\n<\/div>\n<div class=\"col-12 col-md-6\">\n<div class=\"form-group\">\n<span class=\"wpcf7-form-control-wrap\" data-name=\"customer-city\"><input size=\"40\" class=\"wpcf7-form-control wpcf7-text form-control\" aria-invalid=\"false\" placeholder=\"Citt\u00e0\" value=\"\" type=\"text\" name=\"customer-city\" \/><\/span>\n<label for=\"customer-city\">Stadt<\/label>\n<\/div>\n<\/div>\n<\/div>\n\n\n\n<div class=\"row\">\n<div class=\"col-12 col-md-6\">\n<div class=\"form-group\">\n<span class=\"wpcf7-form-control-wrap\" data-name=\"customer-email\"><input size=\"40\" class=\"wpcf7-form-control wpcf7-text wpcf7-email wpcf7-validates-as-required wpcf7-validates-as-email form-control\" aria-required=\"true\" aria-invalid=\"false\" placeholder=\"Email *\" value=\"\" type=\"email\" name=\"customer-email\" \/><\/span>\n<label for=\"customer-email\">Email *<\/label>\n<\/div>\n<\/div>\n<div class=\"col-12 col-md-6\">\n<div class=\"form-group\">\n<span class=\"wpcf7-form-control-wrap\" data-name=\"customer-phone\"><input size=\"40\" class=\"wpcf7-form-control wpcf7-text wpcf7-tel wpcf7-validates-as-required wpcf7-validates-as-tel form-control\" aria-required=\"true\" aria-invalid=\"false\" placeholder=\"Telefono *\" value=\"\" type=\"tel\" name=\"customer-phone\" \/><\/span>\n<label for=\"customer-phone\">Telefon *<\/label>\n<\/div>\n<\/div>\n<\/div>\n\n<div class=\"form-group\">\n<span class=\"wpcf7-form-control-wrap\" data-name=\"customer-message\"><textarea cols=\"40\" rows=\"10\" class=\"wpcf7-form-control wpcf7-textarea form-control\" aria-invalid=\"false\" placeholder=\"Messaggio\" name=\"customer-message\"><\/textarea><\/span>\n<label for=\"customer-message\">Nachricht<\/label>\n<\/div>\n\n<div class=\"form-privacy\">\n<span class=\"wpcf7-form-control-wrap\" data-name=\"customer-privacy\"><span class=\"wpcf7-form-control wpcf7-acceptance\"><span class=\"wpcf7-list-item\"><label class=\"form-check custom-checkbox\"><input type=\"checkbox\" name=\"customer-privacy\" value=\"1\" aria-invalid=\"false\" class=\"form-check-input\"><span class=\"wpcf7-list-item-label form-check-label\">Ich stimme der Verarbeitung meiner personenbezogenen Daten gem\u00e4\u00df der <a href=\"\/de\/privacy-e-cookie-policy\/\" style=\"color:#696969;\" target=\"_blank\">Datenschutzerkl\u00e4rung<\/a> zu.<\/span><\/label><\/span><\/span><\/span>\n<\/div>\n\n<div class=\"form-submit text-center\">\n<input class=\"wpcf7-form-control has-spinner wpcf7-submit btn btn-primary\" type=\"submit\" value=\"Senden\" \/>\n<\/div><div class=\"wpcf7-response-output\" aria-hidden=\"true\"><\/div>\n<\/form>\n<\/div>\n<\/div>\n\n    <\/div>\n\n    <\/div>\n\n    <\/div>\n\n    <\/div>\n\n\n    <div class=\"oi-block oi-block-banner animate slide-up fade bg-transparent \">\n                    <div class=\"banner-background\">\n                <img decoding=\"async\" width=\"1282\" height=\"580\" src=\"https:\/\/www.arione.it\/wp-content\/uploads\/2021\/08\/arione-horeca-banner.jpg\" class=\"img-fluid\" alt=\"\" loading=\"lazy\" srcset=\"https:\/\/www.arione.it\/wp-content\/uploads\/2021\/08\/arione-horeca-banner.jpg 1282w, https:\/\/www.arione.it\/wp-content\/uploads\/2021\/08\/arione-horeca-banner-150x68.jpg 150w, https:\/\/www.arione.it\/wp-content\/uploads\/2021\/08\/arione-horeca-banner-575x260.jpg 575w, https:\/\/www.arione.it\/wp-content\/uploads\/2021\/08\/arione-horeca-banner-767x347.jpg 767w, https:\/\/www.arione.it\/wp-content\/uploads\/2021\/08\/arione-horeca-banner-991x448.jpg 991w, https:\/\/www.arione.it\/wp-content\/uploads\/2021\/08\/arione-horeca-banner-1199x542.jpg 1199w\" sizes=\"auto, (max-width: 1282px) 100vw, 1282px\" \/>            <\/div>\n        \n        \n        \n    <\/div>\n","protected":false},"excerpt":{"rendered":"","protected":false},"author":1,"featured_media":0,"parent":0,"menu_order":0,"comment_status":"closed","ping_status":"closed","template":"","meta":{"footnotes":""},"class_list":["post-3188","page","type-page","status-publish","hentry"],"_links":{"self":[{"href":"https:\/\/www.arione.it\/de\/wp-json\/wp\/v2\/pages\/3188","targetHints":{"allow":["GET"]}}],"collection":[{"href":"https:\/\/www.arione.it\/de\/wp-json\/wp\/v2\/pages"}],"about":[{"href":"https:\/\/www.arione.it\/de\/wp-json\/wp\/v2\/types\/page"}],"author":[{"embeddable":true,"href":"https:\/\/www.arione.it\/de\/wp-json\/wp\/v2\/users\/1"}],"replies":[{"embeddable":true,"href":"https:\/\/www.arione.it\/de\/wp-json\/wp\/v2\/comments?post=3188"}],"version-history":[{"count":2,"href":"https:\/\/www.arione.it\/de\/wp-json\/wp\/v2\/pages\/3188\/revisions"}],"predecessor-version":[{"id":3542,"href":"https:\/\/www.arione.it\/de\/wp-json\/wp\/v2\/pages\/3188\/revisions\/3542"}],"wp:attachment":[{"href":"https:\/\/www.arione.it\/de\/wp-json\/wp\/v2\/media?parent=3188"}],"curies":[{"name":"wp","href":"https:\/\/api.w.org\/{rel}","templated":true}]}}