

{"id":3180,"date":"2021-07-28T13:02:34","date_gmt":"2021-07-28T11:02:34","guid":{"rendered":"https:\/\/www.arione.it\/ospitalita\/"},"modified":"2022-03-09T17:40:11","modified_gmt":"2022-03-09T16:40:11","slug":"ospitalita","status":"publish","type":"page","link":"https:\/\/www.arione.it\/de\/ospitalita\/","title":{"rendered":"Gastlichkeit"},"content":{"rendered":"    <div class=\"oi-block oi-block-hero animate slide-up fade\">\n\n        <div class=\"hero-content\">\n                            <div class=\"hero-video overlay\" style=\"background-image:url();\">\n                    <video playsinline autoplay muted loop>\n                        <source src=\"https:\/\/www.arione.it\/wp-content\/uploads\/2021\/10\/video.mp4\" type=\"video\/mp4\">\n                    <\/video>\n                <\/div>\n            \n                            <div class=\"hero-header\">\n                    <div class=\"container\">\n                        <div class=\"row\">\n                            <div class=\"col-12 col-md-10 col-lg-8 col-xl-6 offset-lg-1\">\n                                <h1 class=\"title\"><mark style=\"background-color:rgba(0, 0, 0, 0)\" class=\"has-inline-color has-white-color\">Gastlichkeit in <\/mark><br><mark style=\"background-color:rgba(0, 0, 0, 0)\" class=\"has-inline-color has-white-color\">Castiglione Tinella<\/mark><\/h1>\n                            <\/div>\n                        <\/div>\n                    <\/div>\n                <\/div>\n            \n                            <div class=\"hero-body\">\n                    <div class=\"container\">\n                        <div class=\"row\">\n                            <div class=\"col-12 col-md-8 col-lg-6 col-xl-4 offset-lg-1\">\n                                \n\n<p><mark style=\"background-color:rgba(0, 0, 0, 0)\" class=\"has-inline-color has-white-color\">Besichtigungen, private Verkostungen und \u00dcbernachtung am Landgut der Familie.<\/mark><\/p>\n\n                            <\/div>\n                        <\/div>\n                    <\/div>\n                <\/div>\n                    <\/div>\n\n                    <div class=\"hero-footer\">\n                <div class=\"container\">\n                    <div class=\"row justify-content-center\">\n                        <div class=\"col-12 col-md-11 col-lg-10 col-xl-8\">\n                            <div class=\"row justify-content-center\">\n                                                                    <div class=\"col-12 col-md-6\">\n                                        <div class=\"dropdown\">\n                                            <button class=\"dropdown-toggle\" type=\"button\" id=\"dropdownMenuButton\" data-bs-toggle=\"dropdown\" aria-expanded=\"false\">\n                                                COLLECTION                                            <\/button>\n                                            <div class=\"dropdown-menu\" aria-labelledby=\"dropdownMenuButton\">\n                                                <div class=\"menu-collection-container\"><ul id=\"menu-collection\" class=\"menu\"><li id=\"menu-item-207\" class=\"menu-item menu-item-type-taxonomy menu-item-object-collection menu-item-207\"><a href=\"https:\/\/www.arione.it\/collection\/arione\/\">Arione<\/a><\/li>\n<li id=\"menu-item-209\" class=\"menu-item menu-item-type-taxonomy menu-item-object-collection menu-item-209\"><a href=\"https:\/\/www.arione.it\/collection\/contessa-di-castiglione\/\">Contessa di Castiglione<\/a><\/li>\n<li id=\"menu-item-210\" class=\"menu-item menu-item-type-taxonomy menu-item-object-collection menu-item-210\"><a href=\"https:\/\/www.arione.it\/collection\/f-lli-aliberti\/\">F.lli Aliberti<\/a><\/li>\n<li id=\"menu-item-215\" class=\"menu-item menu-item-type-taxonomy menu-item-object-collection menu-item-215\"><a href=\"https:\/\/www.arione.it\/collection\/trevil\/\">Trevil<\/a><\/li>\n<li id=\"menu-item-204\" class=\"menu-item menu-item-type-taxonomy menu-item-object-collection menu-item-204\"><a href=\"https:\/\/www.arione.it\/collection\/800\/\">800<\/a><\/li>\n<li id=\"menu-item-205\" class=\"menu-item menu-item-type-taxonomy menu-item-object-collection menu-item-205\"><a href=\"https:\/\/www.arione.it\/collection\/alte-frange\/\">Alte Frange<\/a><\/li>\n<li id=\"menu-item-213\" class=\"menu-item menu-item-type-taxonomy menu-item-object-collection menu-item-213\"><a href=\"https:\/\/www.arione.it\/collection\/rustichetto\/\">Rustichetto<\/a><\/li>\n<li id=\"menu-item-214\" class=\"menu-item menu-item-type-taxonomy menu-item-object-collection menu-item-214\"><a href=\"https:\/\/www.arione.it\/collection\/rustico-di-cantina\/\">Rustico di cantina<\/a><\/li>\n<li id=\"menu-item-206\" class=\"menu-item menu-item-type-taxonomy menu-item-object-collection menu-item-206\"><a href=\"https:\/\/www.arione.it\/collection\/antes\/\">Antes<\/a><\/li>\n<li id=\"menu-item-212\" class=\"menu-item menu-item-type-taxonomy menu-item-object-collection menu-item-212\"><a href=\"https:\/\/www.arione.it\/collection\/rico\/\">Ric\u00f2<\/a><\/li>\n<li id=\"menu-item-208\" class=\"menu-item menu-item-type-taxonomy menu-item-object-collection menu-item-208\"><a href=\"https:\/\/www.arione.it\/collection\/bruno\/\">Bruno<\/a><\/li>\n<li id=\"menu-item-216\" class=\"menu-item menu-item-type-taxonomy menu-item-object-collection menu-item-216\"><a href=\"https:\/\/www.arione.it\/collection\/umi\/\">Umi<\/a><\/li>\n<li id=\"menu-item-670\" class=\"menu-item menu-item-type-taxonomy menu-item-object-collection menu-item-670\"><a href=\"https:\/\/www.arione.it\/collection\/arione-drink\/\">Arione Drink<\/a><\/li>\n<li id=\"menu-item-211\" class=\"menu-item menu-item-type-taxonomy menu-item-object-collection menu-item-211\"><a href=\"https:\/\/www.arione.it\/collection\/mama\/\">Mama<\/a><\/li>\n<li id=\"menu-item-6868\" class=\"menu-item menu-item-type-taxonomy menu-item-object-collection menu-item-6868\"><a href=\"https:\/\/www.arione.it\/collection\/hup\/\">HUP<\/a><\/li>\n<\/ul><\/div>                                            <\/div>\n                                        <\/div>\n                                    <\/div>\n                                                                                                    <div class=\"col-12 col-md-6\">\n                                        <div class=\"dropdown\">\n                                            <button class=\"dropdown-toggle\" type=\"button\" id=\"dropdownMenuButton172\" data-bs-toggle=\"dropdown\" aria-expanded=\"false\">\n                                                WEINE                                            <\/button>\n                                            <div class=\"dropdown-menu\" aria-labelledby=\"dropdownMenuButton172\">\n                                                <div class=\"menu-weine-container\"><ul id=\"menu-weine\" class=\"menu\"><li id=\"menu-item-3366\" class=\"menu-item menu-item-type-taxonomy menu-item-object-type menu-item-3366\"><a href=\"https:\/\/www.arione.it\/de\/type\/trockene-schaumweine\/\">Trockene Schaumweine<\/a><\/li>\n<li id=\"menu-item-3364\" class=\"menu-item menu-item-type-taxonomy menu-item-object-type menu-item-3364\"><a href=\"https:\/\/www.arione.it\/de\/type\/suesse-schaumweine\/\">S\u00fc\u00dfe Schaumweine<\/a><\/li>\n<li id=\"menu-item-3363\" class=\"menu-item menu-item-type-taxonomy menu-item-object-type menu-item-3363\"><a href=\"https:\/\/www.arione.it\/de\/type\/rotweine\/\">Rotweine<\/a><\/li>\n<li id=\"menu-item-3369\" class=\"menu-item menu-item-type-taxonomy menu-item-object-type menu-item-3369\"><a href=\"https:\/\/www.arione.it\/de\/type\/weissweine\/\">Wei\u00dfweine<\/a><\/li>\n<li id=\"menu-item-3365\" class=\"menu-item menu-item-type-taxonomy menu-item-object-type menu-item-3365\"><a href=\"https:\/\/www.arione.it\/de\/type\/suessweine\/\">S\u00fc\u00dfweine<\/a><\/li>\n<li id=\"menu-item-3368\" class=\"menu-item menu-item-type-taxonomy menu-item-object-type menu-item-3368\"><a href=\"https:\/\/www.arione.it\/de\/type\/weisse-perlweine\/\">Wei\u00dfe Perlweine<\/a><\/li>\n<li id=\"menu-item-3362\" class=\"menu-item menu-item-type-taxonomy menu-item-object-type menu-item-3362\"><a href=\"https:\/\/www.arione.it\/de\/type\/rote-perlweine\/\">Rote Perlweine<\/a><\/li>\n<li id=\"menu-item-3367\" class=\"menu-item menu-item-type-taxonomy menu-item-object-type menu-item-3367\"><a href=\"https:\/\/www.arione.it\/de\/type\/weine-in-anderen-behaeltnissen\/\">Weine in anderen Beh\u00e4ltnissen<\/a><\/li>\n<li id=\"menu-item-3361\" class=\"menu-item menu-item-type-taxonomy menu-item-object-type menu-item-3361\"><a href=\"https:\/\/www.arione.it\/de\/type\/drink-type-de\/\">Drink<\/a><\/li>\n<li id=\"menu-item-6980\" class=\"menu-item menu-item-type-taxonomy menu-item-object-type menu-item-6980\"><a href=\"https:\/\/www.arione.it\/de\/type\/bevande-analcoliche-de\/\">Alkoholfreies Getr\u00e4nk<\/a><\/li>\n<\/ul><\/div>                                            <\/div>\n                                        <\/div>\n                                    <\/div>\n                                                            <\/div>\n                        <\/div>\n                    <\/div>\n                <\/div>\n            <\/div>\n        \n\n    <\/div>\n\n\n    <div class=\"oi-block oi-block-custom animate slide-up fade bg-white\">\n        <div class=\"container\">\n            <div class=\"row justify-content-center\">\n                <div class=\"col-12 col-md-11 col-lg-10 col-xl-8 col-xxl-6\">\n                                            <div class=\"block-header\">\n                                                            <h5 class=\"overtitle\">01<\/h5>\n                                <div class=\"divider\"><\/div>\n                                                                                        <h3 class=\"title\">Ein laufendes Projekt.<\/h3>\n                                                    <\/div>\n                                                                <div class=\"block-body\">\n                                                            <div class=\"block-content\">\n\n<p>Inmitten der stimmungsvollen H\u00fcgellandschaft von Castiglione Tinella sind wir gerade dabei, die Renovierung des Familienanwesens abzuschlie\u00dfen, um unseren G\u00e4sten ein einzigartiges Rundumerlebnis bieten zu k\u00f6nnen: von der Verkostung unserer Weine bis hin zu einem wundervollen Aufenthalt inmitten der H\u00fcgel. <\/p>\n\n\n\n<p>Abonnieren Sie unseren Newsletter, um rechtzeitig zu erfahren, ab wann Sie uns besuchen kommen k\u00f6nnen.<\/p>\n\n<\/div>\n                                                                                        <a class=\"btn btn-primary\" href=\"#pageFooter\">\n                                    Abonnieren WINESLETTER                                <\/a>\n                                                    <\/div>\n                                                                <div class=\"block-footer\">\n                            <div class=\"parallax-images\">\n                                                                    <img decoding=\"async\" width=\"445\" height=\"462\" src=\"https:\/\/www.arione.it\/wp-content\/uploads\/2021\/10\/arione-cantina.jpg\" class=\"parallax-left\" alt=\"\" loading=\"lazy\" srcset=\"https:\/\/www.arione.it\/wp-content\/uploads\/2021\/10\/arione-cantina.jpg 445w, https:\/\/www.arione.it\/wp-content\/uploads\/2021\/10\/arione-cantina-150x156.jpg 150w\" sizes=\"auto, (max-width: 445px) 100vw, 445px\" \/>                                                                                                    <img decoding=\"async\" width=\"365\" height=\"372\" src=\"https:\/\/www.arione.it\/wp-content\/uploads\/2021\/10\/arione-cantina-dettaglio.jpg\" class=\"parallax-right\" alt=\"\" loading=\"lazy\" srcset=\"https:\/\/www.arione.it\/wp-content\/uploads\/2021\/10\/arione-cantina-dettaglio.jpg 365w, https:\/\/www.arione.it\/wp-content\/uploads\/2021\/10\/arione-cantina-dettaglio-150x153.jpg 150w\" sizes=\"auto, (max-width: 365px) 100vw, 365px\" \/>                                                            <\/div>\n                        <\/div>\n                                    <\/div>\n            <\/div>\n        <\/div>\n    <\/div>\n","protected":false},"excerpt":{"rendered":"","protected":false},"author":1,"featured_media":0,"parent":0,"menu_order":0,"comment_status":"closed","ping_status":"open","template":"","meta":{"footnotes":""},"class_list":["post-3180","page","type-page","status-publish","hentry"],"_links":{"self":[{"href":"https:\/\/www.arione.it\/de\/wp-json\/wp\/v2\/pages\/3180","targetHints":{"allow":["GET"]}}],"collection":[{"href":"https:\/\/www.arione.it\/de\/wp-json\/wp\/v2\/pages"}],"about":[{"href":"https:\/\/www.arione.it\/de\/wp-json\/wp\/v2\/types\/page"}],"author":[{"embeddable":true,"href":"https:\/\/www.arione.it\/de\/wp-json\/wp\/v2\/users\/1"}],"replies":[{"embeddable":true,"href":"https:\/\/www.arione.it\/de\/wp-json\/wp\/v2\/comments?post=3180"}],"version-history":[{"count":2,"href":"https:\/\/www.arione.it\/de\/wp-json\/wp\/v2\/pages\/3180\/revisions"}],"predecessor-version":[{"id":3374,"href":"https:\/\/www.arione.it\/de\/wp-json\/wp\/v2\/pages\/3180\/revisions\/3374"}],"wp:attachment":[{"href":"https:\/\/www.arione.it\/de\/wp-json\/wp\/v2\/media?parent=3180"}],"curies":[{"name":"wp","href":"https:\/\/api.w.org\/{rel}","templated":true}]}}