

{"id":3173,"date":"2021-07-28T12:50:35","date_gmt":"2021-07-28T10:50:35","guid":{"rendered":"https:\/\/www.arione.it\/territorio\/"},"modified":"2022-03-04T10:04:55","modified_gmt":"2022-03-04T09:04:55","slug":"territorio","status":"publish","type":"page","link":"https:\/\/www.arione.it\/de\/territorio\/","title":{"rendered":"Die region"},"content":{"rendered":"    <div class=\"oi-block oi-block-hero animate slide-up fade\">\n\n        <div class=\"hero-content\">\n                                                <div class=\"hero-image\">\n                        <img decoding=\"async\" width=\"1600\" height=\"1066\" src=\"https:\/\/www.arione.it\/wp-content\/uploads\/2021\/10\/arione-territorio-testata.jpg\" class=\"img-fluid\" alt=\"\" loading=\"lazy\" srcset=\"https:\/\/www.arione.it\/wp-content\/uploads\/2021\/10\/arione-territorio-testata.jpg 1600w, https:\/\/www.arione.it\/wp-content\/uploads\/2021\/10\/arione-territorio-testata-1536x1023.jpg 1536w, https:\/\/www.arione.it\/wp-content\/uploads\/2021\/10\/arione-territorio-testata-150x100.jpg 150w, https:\/\/www.arione.it\/wp-content\/uploads\/2021\/10\/arione-territorio-testata-575x383.jpg 575w, https:\/\/www.arione.it\/wp-content\/uploads\/2021\/10\/arione-territorio-testata-767x511.jpg 767w, https:\/\/www.arione.it\/wp-content\/uploads\/2021\/10\/arione-territorio-testata-991x660.jpg 991w, https:\/\/www.arione.it\/wp-content\/uploads\/2021\/10\/arione-territorio-testata-1199x799.jpg 1199w\" sizes=\"auto, (max-width: 1600px) 100vw, 1600px\" \/>                    <\/div>\n                            \n                            <div class=\"hero-header\">\n                    <div class=\"container\">\n                        <div class=\"row\">\n                            <div class=\"col-12 col-md-10 col-lg-8 col-xl-6 offset-lg-1\">\n                                <h1 class=\"title\"><mark style=\"background-color:rgba(0, 0, 0, 0)\" class=\"has-inline-color has-white-color\">Die Langhe und das Monferrato<\/mark><\/h1>\n                            <\/div>\n                        <\/div>\n                    <\/div>\n                <\/div>\n            \n                            <div class=\"hero-body\">\n                    <div class=\"container\">\n                        <div class=\"row\">\n                            <div class=\"col-12 col-md-8 col-lg-6 col-xl-4 offset-lg-1\">\n                                \n\n<p><mark style=\"background-color:rgba(0, 0, 0, 0)\" class=\"has-inline-color has-white-color\">Ein Gebiet der Beziehungen und Weinbautradition. Geschichte, Tradition und Kultur verschmelzen an diesem magischen und von Sch\u00f6nheit gepr\u00e4gten Ort, einer in aller Welt bekannten Kultst\u00e4tte der Gastronomie- und Weintradition.<\/mark><\/p>\n\n                            <\/div>\n                        <\/div>\n                    <\/div>\n                <\/div>\n                    <\/div>\n\n                    <div class=\"hero-footer\">\n                <div class=\"container\">\n                    <div class=\"row justify-content-center\">\n                        <div class=\"col-12 col-md-11 col-lg-10 col-xl-8\">\n                            <div class=\"row justify-content-center\">\n                                                                    <div class=\"col-12 col-md-6\">\n                                        <div class=\"dropdown\">\n                                            <button class=\"dropdown-toggle\" type=\"button\" id=\"dropdownMenuButton\" data-bs-toggle=\"dropdown\" aria-expanded=\"false\">\n                                                COLLECTION                                            <\/button>\n                                            <div class=\"dropdown-menu\" aria-labelledby=\"dropdownMenuButton\">\n                                                <div class=\"menu-collection-container\"><ul id=\"menu-collection\" class=\"menu\"><li id=\"menu-item-207\" class=\"menu-item menu-item-type-taxonomy menu-item-object-collection menu-item-207\"><a href=\"https:\/\/www.arione.it\/collection\/arione\/\">Arione<\/a><\/li>\n<li id=\"menu-item-209\" class=\"menu-item menu-item-type-taxonomy menu-item-object-collection menu-item-209\"><a href=\"https:\/\/www.arione.it\/collection\/contessa-di-castiglione\/\">Contessa di Castiglione<\/a><\/li>\n<li id=\"menu-item-210\" class=\"menu-item menu-item-type-taxonomy menu-item-object-collection menu-item-210\"><a href=\"https:\/\/www.arione.it\/collection\/f-lli-aliberti\/\">F.lli Aliberti<\/a><\/li>\n<li id=\"menu-item-215\" class=\"menu-item menu-item-type-taxonomy menu-item-object-collection menu-item-215\"><a href=\"https:\/\/www.arione.it\/collection\/trevil\/\">Trevil<\/a><\/li>\n<li id=\"menu-item-204\" class=\"menu-item menu-item-type-taxonomy menu-item-object-collection menu-item-204\"><a href=\"https:\/\/www.arione.it\/collection\/800\/\">800<\/a><\/li>\n<li id=\"menu-item-205\" class=\"menu-item menu-item-type-taxonomy menu-item-object-collection menu-item-205\"><a href=\"https:\/\/www.arione.it\/collection\/alte-frange\/\">Alte Frange<\/a><\/li>\n<li id=\"menu-item-213\" class=\"menu-item menu-item-type-taxonomy menu-item-object-collection menu-item-213\"><a href=\"https:\/\/www.arione.it\/collection\/rustichetto\/\">Rustichetto<\/a><\/li>\n<li id=\"menu-item-214\" class=\"menu-item menu-item-type-taxonomy menu-item-object-collection menu-item-214\"><a href=\"https:\/\/www.arione.it\/collection\/rustico-di-cantina\/\">Rustico di cantina<\/a><\/li>\n<li id=\"menu-item-206\" class=\"menu-item menu-item-type-taxonomy menu-item-object-collection menu-item-206\"><a href=\"https:\/\/www.arione.it\/collection\/antes\/\">Antes<\/a><\/li>\n<li id=\"menu-item-212\" class=\"menu-item menu-item-type-taxonomy menu-item-object-collection menu-item-212\"><a href=\"https:\/\/www.arione.it\/collection\/rico\/\">Ric\u00f2<\/a><\/li>\n<li id=\"menu-item-208\" class=\"menu-item menu-item-type-taxonomy menu-item-object-collection menu-item-208\"><a href=\"https:\/\/www.arione.it\/collection\/bruno\/\">Bruno<\/a><\/li>\n<li id=\"menu-item-216\" class=\"menu-item menu-item-type-taxonomy menu-item-object-collection menu-item-216\"><a href=\"https:\/\/www.arione.it\/collection\/umi\/\">Umi<\/a><\/li>\n<li id=\"menu-item-670\" class=\"menu-item menu-item-type-taxonomy menu-item-object-collection menu-item-670\"><a href=\"https:\/\/www.arione.it\/collection\/arione-drink\/\">Arione Drink<\/a><\/li>\n<li id=\"menu-item-211\" class=\"menu-item menu-item-type-taxonomy menu-item-object-collection menu-item-211\"><a href=\"https:\/\/www.arione.it\/collection\/mama\/\">Mama<\/a><\/li>\n<li id=\"menu-item-6868\" class=\"menu-item menu-item-type-taxonomy menu-item-object-collection menu-item-6868\"><a href=\"https:\/\/www.arione.it\/collection\/hup\/\">HUP<\/a><\/li>\n<\/ul><\/div>                                            <\/div>\n                                        <\/div>\n                                    <\/div>\n                                                                                                    <div class=\"col-12 col-md-6\">\n                                        <div class=\"dropdown\">\n                                            <button class=\"dropdown-toggle\" type=\"button\" id=\"dropdownMenuButton41\" data-bs-toggle=\"dropdown\" aria-expanded=\"false\">\n                                                WINE SHOP                                            <\/button>\n                                            <div class=\"dropdown-menu\" aria-labelledby=\"dropdownMenuButton41\">\n                                                <div class=\"menu-weine-container\"><ul id=\"menu-weine\" class=\"menu\"><li id=\"menu-item-3366\" class=\"menu-item menu-item-type-taxonomy menu-item-object-type menu-item-3366\"><a href=\"https:\/\/www.arione.it\/de\/type\/trockene-schaumweine\/\">Trockene Schaumweine<\/a><\/li>\n<li id=\"menu-item-3364\" class=\"menu-item menu-item-type-taxonomy menu-item-object-type menu-item-3364\"><a href=\"https:\/\/www.arione.it\/de\/type\/suesse-schaumweine\/\">S\u00fc\u00dfe Schaumweine<\/a><\/li>\n<li id=\"menu-item-3363\" class=\"menu-item menu-item-type-taxonomy menu-item-object-type menu-item-3363\"><a href=\"https:\/\/www.arione.it\/de\/type\/rotweine\/\">Rotweine<\/a><\/li>\n<li id=\"menu-item-3369\" class=\"menu-item menu-item-type-taxonomy menu-item-object-type menu-item-3369\"><a href=\"https:\/\/www.arione.it\/de\/type\/weissweine\/\">Wei\u00dfweine<\/a><\/li>\n<li id=\"menu-item-3365\" class=\"menu-item menu-item-type-taxonomy menu-item-object-type menu-item-3365\"><a href=\"https:\/\/www.arione.it\/de\/type\/suessweine\/\">S\u00fc\u00dfweine<\/a><\/li>\n<li id=\"menu-item-3368\" class=\"menu-item menu-item-type-taxonomy menu-item-object-type menu-item-3368\"><a href=\"https:\/\/www.arione.it\/de\/type\/weisse-perlweine\/\">Wei\u00dfe Perlweine<\/a><\/li>\n<li id=\"menu-item-3362\" class=\"menu-item menu-item-type-taxonomy menu-item-object-type menu-item-3362\"><a href=\"https:\/\/www.arione.it\/de\/type\/rote-perlweine\/\">Rote Perlweine<\/a><\/li>\n<li id=\"menu-item-3367\" class=\"menu-item menu-item-type-taxonomy menu-item-object-type menu-item-3367\"><a href=\"https:\/\/www.arione.it\/de\/type\/weine-in-anderen-behaeltnissen\/\">Weine in anderen Beh\u00e4ltnissen<\/a><\/li>\n<li id=\"menu-item-3361\" class=\"menu-item menu-item-type-taxonomy menu-item-object-type menu-item-3361\"><a href=\"https:\/\/www.arione.it\/de\/type\/drink-type-de\/\">Drink<\/a><\/li>\n<li id=\"menu-item-6980\" class=\"menu-item menu-item-type-taxonomy menu-item-object-type menu-item-6980\"><a href=\"https:\/\/www.arione.it\/de\/type\/bevande-analcoliche-de\/\">Alkoholfreies Getr\u00e4nk<\/a><\/li>\n<\/ul><\/div>                                            <\/div>\n                                        <\/div>\n                                    <\/div>\n                                                            <\/div>\n                        <\/div>\n                    <\/div>\n                <\/div>\n            <\/div>\n        \n\n    <\/div>\n\n\n    <div class=\"oi-block oi-block-custom animate slide-up fade bg-white\">\n        <div class=\"container\">\n            <div class=\"row justify-content-center\">\n                <div class=\"col-12 col-md-11 col-lg-10 col-xl-8 col-xxl-6\">\n                                            <div class=\"block-header\">\n                                                            <h5 class=\"overtitle\">01<\/h5>\n                                <div class=\"divider\"><\/div>\n                                                                                        <h3 class=\"title\">De besten Weinberge f\u00fcr Spitzenweine<\/h3>\n                                                    <\/div>\n                                                                <div class=\"block-body\">\n                                                            <div class=\"block-content\">\n\n<p>Das Unternehmen&nbsp;<strong>Arione<\/strong>&nbsp;verf\u00fcgt \u00fcber Weinberge in den besten Lagen des&nbsp;<strong>Piemonts<\/strong>, den&nbsp;<strong>Langhe<\/strong>&nbsp;und dem&nbsp;<strong>Monferrato<\/strong>, die seit jeher zur Weinerzeugung auf allerh\u00f6chstem Niveau berufen sind.<\/p>\n\n\n\n<p><strong>Das Terroir der&nbsp;Langhe erstreckt sich haupts\u00e4chlich in der Provinz Cuneo<\/strong> und liegt eingeschlossen in einem Vieleck, das im S\u00fcden von den Ligurischen Seealpen, im Westen vom Fluss Tanaro, im Osten vom Fluss Bormida di Spigno und im Norden vom Tanaro sowie den H\u00fcgellandschaften der Provinz Asti begrenzt wird. Das <strong>Monferrato<\/strong>, das fast ausschlie\u00dflich aus H\u00fcgelland besteht, liegt dagegen vor allem in den Provinzen <strong>Alessandria und Asti<\/strong> und verl\u00e4uft im S\u00fcden vom rechten Ufer des Pos aus bis zum Fu\u00dfe des ligurischen Apennins an der Grenze zu den Provinzen Genua und Savona.<\/p>\n\n<\/div>\n                                                                                <\/div>\n                                                                <div class=\"block-footer\">\n                            <div class=\"parallax-images\">\n                                                                    <img decoding=\"async\" width=\"454\" height=\"462\" src=\"https:\/\/www.arione.it\/wp-content\/uploads\/2021\/07\/arione-territorio-amore-sinistra-1.jpg\" class=\"parallax-left\" alt=\"\" loading=\"lazy\" srcset=\"https:\/\/www.arione.it\/wp-content\/uploads\/2021\/07\/arione-territorio-amore-sinistra-1.jpg 454w, https:\/\/www.arione.it\/wp-content\/uploads\/2021\/07\/arione-territorio-amore-sinistra-1-150x153.jpg 150w\" sizes=\"auto, (max-width: 454px) 100vw, 454px\" \/>                                                                                                    <img decoding=\"async\" width=\"365\" height=\"372\" src=\"https:\/\/www.arione.it\/wp-content\/uploads\/2021\/10\/vigne-arione.jpg\" class=\"parallax-right\" alt=\"\" loading=\"lazy\" srcset=\"https:\/\/www.arione.it\/wp-content\/uploads\/2021\/10\/vigne-arione.jpg 365w, https:\/\/www.arione.it\/wp-content\/uploads\/2021\/10\/vigne-arione-150x153.jpg 150w\" sizes=\"auto, (max-width: 365px) 100vw, 365px\" \/>                                                            <\/div>\n                        <\/div>\n                                    <\/div>\n            <\/div>\n        <\/div>\n    <\/div>\n\n\n    <div class=\"oi-block oi-block-banner animate slide-up fade bg-transparent \">\n                    <div class=\"banner-background\">\n                <img decoding=\"async\" width=\"1920\" height=\"900\" src=\"https:\/\/www.arione.it\/wp-content\/uploads\/2021\/10\/arione-territorio-paesaggio-vista.jpg\" class=\"img-fluid\" alt=\"\" loading=\"lazy\" srcset=\"https:\/\/www.arione.it\/wp-content\/uploads\/2021\/10\/arione-territorio-paesaggio-vista.jpg 1920w, https:\/\/www.arione.it\/wp-content\/uploads\/2021\/10\/arione-territorio-paesaggio-vista-1536x720.jpg 1536w, https:\/\/www.arione.it\/wp-content\/uploads\/2021\/10\/arione-territorio-paesaggio-vista-150x70.jpg 150w, https:\/\/www.arione.it\/wp-content\/uploads\/2021\/10\/arione-territorio-paesaggio-vista-575x270.jpg 575w, https:\/\/www.arione.it\/wp-content\/uploads\/2021\/10\/arione-territorio-paesaggio-vista-767x360.jpg 767w, https:\/\/www.arione.it\/wp-content\/uploads\/2021\/10\/arione-territorio-paesaggio-vista-991x465.jpg 991w, https:\/\/www.arione.it\/wp-content\/uploads\/2021\/10\/arione-territorio-paesaggio-vista-1199x562.jpg 1199w\" sizes=\"auto, (max-width: 1920px) 100vw, 1920px\" \/>            <\/div>\n        \n        \n        \n    <\/div>\n\n\n    <div class=\"oi-block oi-block-custom animate slide-up fade bg-white\">\n        <div class=\"container\">\n            <div class=\"row justify-content-center\">\n                <div class=\"col-12 col-md-11 col-lg-10 col-xl-8 col-xxl-6\">\n                                            <div class=\"block-header\">\n                                                            <h5 class=\"overtitle\">02<\/h5>\n                                <div class=\"divider\"><\/div>\n                                                                                        <h3 class=\"title\">Ein kostbares Land<\/h3>\n                                                    <\/div>\n                                                                <div class=\"block-body\">\n                                                            <div class=\"block-content\">\n\n<p>In diesen Terroirs haben die zu Urzeiten entstandenen Mergel- und Sandschichten den hier wurzelnden und f\u00fcr die Gegend typischen Rebsorten <strong>Nebbiolo<\/strong> und <strong>Dolcetto<\/strong> sowie <strong>Muskateller<\/strong> und <strong>Barbera<\/strong> Noten von Veilchen und verwelkter Rose sowie Ankl\u00e4nge von Obst und reifer Himbeere verliehen.<\/p>\n\n\n\n<p>Bet\u00f6rende und zauberhafte Ausblicke vermitteln ihre Einzigartigkeit und die Tiefe ihrer im Tuffstein verankerten Wurzeln hier auf ausdrucksstarke Weise. Genau hier erheben sich die beiden Ortschaften, in denen das Unternehmen Arione seine Weinberge und Weinkeller besitzt:&nbsp;<strong>Canelli<\/strong> in der Provinz Asti und <strong>Castiglione Tinella<\/strong> in der Provinz Cuneo.<\/p>\n\n<\/div>\n                                                                                <\/div>\n                                                                <div class=\"block-footer\">\n                            <div class=\"parallax-images\">\n                                                                    <img decoding=\"async\" width=\"445\" height=\"462\" src=\"https:\/\/www.arione.it\/wp-content\/uploads\/2021\/10\/arione-uve.jpg\" class=\"parallax-left\" alt=\"\" loading=\"lazy\" srcset=\"https:\/\/www.arione.it\/wp-content\/uploads\/2021\/10\/arione-uve.jpg 445w, https:\/\/www.arione.it\/wp-content\/uploads\/2021\/10\/arione-uve-150x156.jpg 150w\" sizes=\"auto, (max-width: 445px) 100vw, 445px\" \/>                                                                                                    <img decoding=\"async\" width=\"365\" height=\"365\" src=\"https:\/\/www.arione.it\/wp-content\/uploads\/2021\/10\/arione-home-paesaggio-small.jpg\" class=\"parallax-right\" alt=\"\" loading=\"lazy\" srcset=\"https:\/\/www.arione.it\/wp-content\/uploads\/2021\/10\/arione-home-paesaggio-small.jpg 365w, https:\/\/www.arione.it\/wp-content\/uploads\/2021\/10\/arione-home-paesaggio-small-150x150.jpg 150w\" sizes=\"auto, (max-width: 365px) 100vw, 365px\" \/>                                                            <\/div>\n                        <\/div>\n                                    <\/div>\n            <\/div>\n        <\/div>\n    <\/div>\n\n\n    <div class=\"oi-block oi-block-banner animate slide-up fade bg-transparent \">\n                    <div class=\"banner-background\">\n                <img decoding=\"async\" width=\"1920\" height=\"900\" src=\"https:\/\/www.arione.it\/wp-content\/uploads\/2021\/10\/arione-territorio-paesaggio.jpg\" class=\"img-fluid\" alt=\"\" loading=\"lazy\" srcset=\"https:\/\/www.arione.it\/wp-content\/uploads\/2021\/10\/arione-territorio-paesaggio.jpg 1920w, https:\/\/www.arione.it\/wp-content\/uploads\/2021\/10\/arione-territorio-paesaggio-1536x720.jpg 1536w, https:\/\/www.arione.it\/wp-content\/uploads\/2021\/10\/arione-territorio-paesaggio-150x70.jpg 150w, https:\/\/www.arione.it\/wp-content\/uploads\/2021\/10\/arione-territorio-paesaggio-575x270.jpg 575w, https:\/\/www.arione.it\/wp-content\/uploads\/2021\/10\/arione-territorio-paesaggio-767x360.jpg 767w, https:\/\/www.arione.it\/wp-content\/uploads\/2021\/10\/arione-territorio-paesaggio-991x465.jpg 991w, https:\/\/www.arione.it\/wp-content\/uploads\/2021\/10\/arione-territorio-paesaggio-1199x562.jpg 1199w\" sizes=\"auto, (max-width: 1920px) 100vw, 1920px\" \/>            <\/div>\n        \n        \n        \n    <\/div>\n","protected":false},"excerpt":{"rendered":"","protected":false},"author":1,"featured_media":0,"parent":0,"menu_order":0,"comment_status":"closed","ping_status":"open","template":"","meta":{"footnotes":""},"class_list":["post-3173","page","type-page","status-publish","hentry"],"_links":{"self":[{"href":"https:\/\/www.arione.it\/de\/wp-json\/wp\/v2\/pages\/3173","targetHints":{"allow":["GET"]}}],"collection":[{"href":"https:\/\/www.arione.it\/de\/wp-json\/wp\/v2\/pages"}],"about":[{"href":"https:\/\/www.arione.it\/de\/wp-json\/wp\/v2\/types\/page"}],"author":[{"embeddable":true,"href":"https:\/\/www.arione.it\/de\/wp-json\/wp\/v2\/users\/1"}],"replies":[{"embeddable":true,"href":"https:\/\/www.arione.it\/de\/wp-json\/wp\/v2\/comments?post=3173"}],"version-history":[{"count":4,"href":"https:\/\/www.arione.it\/de\/wp-json\/wp\/v2\/pages\/3173\/revisions"}],"predecessor-version":[{"id":3192,"href":"https:\/\/www.arione.it\/de\/wp-json\/wp\/v2\/pages\/3173\/revisions\/3192"}],"wp:attachment":[{"href":"https:\/\/www.arione.it\/de\/wp-json\/wp\/v2\/media?parent=3173"}],"curies":[{"name":"wp","href":"https:\/\/api.w.org\/{rel}","templated":true}]}}