

{"id":3166,"date":"2021-09-08T12:19:36","date_gmt":"2021-09-08T10:19:36","guid":{"rendered":"https:\/\/www.arione.it\/chi-siamo\/"},"modified":"2022-03-10T12:31:46","modified_gmt":"2022-03-10T11:31:46","slug":"chi-siamo","status":"publish","type":"page","link":"https:\/\/www.arione.it\/de\/chi-siamo\/","title":{"rendered":"\u00dcber uns"},"content":{"rendered":"    <div class=\"oi-block oi-block-hero animate slide-up fade\">\n\n        <div class=\"hero-content\">\n                                                <div class=\"hero-image\">\n                        <img decoding=\"async\" width=\"1800\" height=\"1199\" src=\"https:\/\/www.arione.it\/wp-content\/uploads\/2021\/10\/arione-chi-siamo-1.jpg\" class=\"img-fluid\" alt=\"\" loading=\"lazy\" srcset=\"https:\/\/www.arione.it\/wp-content\/uploads\/2021\/10\/arione-chi-siamo-1.jpg 1800w, https:\/\/www.arione.it\/wp-content\/uploads\/2021\/10\/arione-chi-siamo-1-1536x1023.jpg 1536w, https:\/\/www.arione.it\/wp-content\/uploads\/2021\/10\/arione-chi-siamo-1-150x100.jpg 150w, https:\/\/www.arione.it\/wp-content\/uploads\/2021\/10\/arione-chi-siamo-1-575x383.jpg 575w, https:\/\/www.arione.it\/wp-content\/uploads\/2021\/10\/arione-chi-siamo-1-767x511.jpg 767w, https:\/\/www.arione.it\/wp-content\/uploads\/2021\/10\/arione-chi-siamo-1-991x660.jpg 991w, https:\/\/www.arione.it\/wp-content\/uploads\/2021\/10\/arione-chi-siamo-1-1199x799.jpg 1199w\" sizes=\"auto, (max-width: 1800px) 100vw, 1800px\" \/>                    <\/div>\n                            \n                            <div class=\"hero-header\">\n                    <div class=\"container\">\n                        <div class=\"row\">\n                            <div class=\"col-12 col-md-10 col-lg-8 col-xl-6 offset-lg-1\">\n                                <h1 class=\"title\"><mark style=\"background-color:rgba(0, 0, 0, 0)\" class=\"has-inline-color has-white-color\">Ein Familienbetrieb, <\/mark><br><mark style=\"background-color:rgba(0, 0, 0, 0)\" class=\"has-inline-color has-white-color\">seit 1870<\/mark><\/h1>\n                            <\/div>\n                        <\/div>\n                    <\/div>\n                <\/div>\n            \n                            <div class=\"hero-body\">\n                    <div class=\"container\">\n                        <div class=\"row\">\n                            <div class=\"col-12 col-md-8 col-lg-6 col-xl-4 offset-lg-1\">\n                                \n\n<p><mark style=\"background-color:rgba(0, 0, 0, 0)\" class=\"has-inline-color has-white-color\">Vier Winzergenerationen, die seit \u00fcber siebzig Jahren an einem Spitzenergebnis arbeiten und die landwirtschaftlichen Techniken sowie die Kunst der piemontesischen Weinbereitung vom Vater an den Sohn weitergeben.<\/mark><\/p>\n\n                            <\/div>\n                        <\/div>\n                    <\/div>\n                <\/div>\n                    <\/div>\n\n                    <div class=\"hero-footer\">\n                <div class=\"container\">\n                    <div class=\"row justify-content-center\">\n                        <div class=\"col-12 col-md-11 col-lg-10 col-xl-8\">\n                            <div class=\"row justify-content-center\">\n                                                                    <div class=\"col-12 col-md-6\">\n                                        <div class=\"dropdown\">\n                                            <button class=\"dropdown-toggle\" type=\"button\" id=\"dropdownMenuButton\" data-bs-toggle=\"dropdown\" aria-expanded=\"false\">\n                                                COLLECTION                                            <\/button>\n                                            <div class=\"dropdown-menu\" aria-labelledby=\"dropdownMenuButton\">\n                                                <div class=\"menu-collection-container\"><ul id=\"menu-collection\" class=\"menu\"><li id=\"menu-item-207\" class=\"menu-item menu-item-type-taxonomy menu-item-object-collection menu-item-207\"><a href=\"https:\/\/www.arione.it\/collection\/arione\/\">Arione<\/a><\/li>\n<li id=\"menu-item-209\" class=\"menu-item menu-item-type-taxonomy menu-item-object-collection menu-item-209\"><a href=\"https:\/\/www.arione.it\/collection\/contessa-di-castiglione\/\">Contessa di Castiglione<\/a><\/li>\n<li id=\"menu-item-210\" class=\"menu-item menu-item-type-taxonomy menu-item-object-collection menu-item-210\"><a href=\"https:\/\/www.arione.it\/collection\/f-lli-aliberti\/\">F.lli Aliberti<\/a><\/li>\n<li id=\"menu-item-215\" class=\"menu-item menu-item-type-taxonomy menu-item-object-collection menu-item-215\"><a href=\"https:\/\/www.arione.it\/collection\/trevil\/\">Trevil<\/a><\/li>\n<li id=\"menu-item-204\" class=\"menu-item menu-item-type-taxonomy menu-item-object-collection menu-item-204\"><a href=\"https:\/\/www.arione.it\/collection\/800\/\">800<\/a><\/li>\n<li id=\"menu-item-205\" class=\"menu-item menu-item-type-taxonomy menu-item-object-collection menu-item-205\"><a href=\"https:\/\/www.arione.it\/collection\/alte-frange\/\">Alte Frange<\/a><\/li>\n<li id=\"menu-item-213\" class=\"menu-item menu-item-type-taxonomy menu-item-object-collection menu-item-213\"><a href=\"https:\/\/www.arione.it\/collection\/rustichetto\/\">Rustichetto<\/a><\/li>\n<li id=\"menu-item-214\" class=\"menu-item menu-item-type-taxonomy menu-item-object-collection menu-item-214\"><a href=\"https:\/\/www.arione.it\/collection\/rustico-di-cantina\/\">Rustico di cantina<\/a><\/li>\n<li id=\"menu-item-206\" class=\"menu-item menu-item-type-taxonomy menu-item-object-collection menu-item-206\"><a href=\"https:\/\/www.arione.it\/collection\/antes\/\">Antes<\/a><\/li>\n<li id=\"menu-item-212\" class=\"menu-item menu-item-type-taxonomy menu-item-object-collection menu-item-212\"><a href=\"https:\/\/www.arione.it\/collection\/rico\/\">Ric\u00f2<\/a><\/li>\n<li id=\"menu-item-208\" class=\"menu-item menu-item-type-taxonomy menu-item-object-collection menu-item-208\"><a href=\"https:\/\/www.arione.it\/collection\/bruno\/\">Bruno<\/a><\/li>\n<li id=\"menu-item-216\" class=\"menu-item menu-item-type-taxonomy menu-item-object-collection menu-item-216\"><a href=\"https:\/\/www.arione.it\/collection\/umi\/\">Umi<\/a><\/li>\n<li id=\"menu-item-670\" class=\"menu-item menu-item-type-taxonomy menu-item-object-collection menu-item-670\"><a href=\"https:\/\/www.arione.it\/collection\/arione-drink\/\">Arione Drink<\/a><\/li>\n<li id=\"menu-item-211\" class=\"menu-item menu-item-type-taxonomy menu-item-object-collection menu-item-211\"><a href=\"https:\/\/www.arione.it\/collection\/mama\/\">Mama<\/a><\/li>\n<li id=\"menu-item-6868\" class=\"menu-item menu-item-type-taxonomy menu-item-object-collection menu-item-6868\"><a href=\"https:\/\/www.arione.it\/collection\/hup\/\">HUP<\/a><\/li>\n<\/ul><\/div>                                            <\/div>\n                                        <\/div>\n                                    <\/div>\n                                                                                                    <div class=\"col-12 col-md-6\">\n                                        <div class=\"dropdown\">\n                                            <button class=\"dropdown-toggle\" type=\"button\" id=\"dropdownMenuButton172\" data-bs-toggle=\"dropdown\" aria-expanded=\"false\">\n                                                WEINE                                            <\/button>\n                                            <div class=\"dropdown-menu\" aria-labelledby=\"dropdownMenuButton172\">\n                                                <div class=\"menu-weine-container\"><ul id=\"menu-weine\" class=\"menu\"><li id=\"menu-item-3366\" class=\"menu-item menu-item-type-taxonomy menu-item-object-type menu-item-3366\"><a href=\"https:\/\/www.arione.it\/de\/type\/trockene-schaumweine\/\">Trockene Schaumweine<\/a><\/li>\n<li id=\"menu-item-3364\" class=\"menu-item menu-item-type-taxonomy menu-item-object-type menu-item-3364\"><a href=\"https:\/\/www.arione.it\/de\/type\/suesse-schaumweine\/\">S\u00fc\u00dfe Schaumweine<\/a><\/li>\n<li id=\"menu-item-3363\" class=\"menu-item menu-item-type-taxonomy menu-item-object-type menu-item-3363\"><a href=\"https:\/\/www.arione.it\/de\/type\/rotweine\/\">Rotweine<\/a><\/li>\n<li id=\"menu-item-3369\" class=\"menu-item menu-item-type-taxonomy menu-item-object-type menu-item-3369\"><a href=\"https:\/\/www.arione.it\/de\/type\/weissweine\/\">Wei\u00dfweine<\/a><\/li>\n<li id=\"menu-item-3365\" class=\"menu-item menu-item-type-taxonomy menu-item-object-type menu-item-3365\"><a href=\"https:\/\/www.arione.it\/de\/type\/suessweine\/\">S\u00fc\u00dfweine<\/a><\/li>\n<li id=\"menu-item-3368\" class=\"menu-item menu-item-type-taxonomy menu-item-object-type menu-item-3368\"><a href=\"https:\/\/www.arione.it\/de\/type\/weisse-perlweine\/\">Wei\u00dfe Perlweine<\/a><\/li>\n<li id=\"menu-item-3362\" class=\"menu-item menu-item-type-taxonomy menu-item-object-type menu-item-3362\"><a href=\"https:\/\/www.arione.it\/de\/type\/rote-perlweine\/\">Rote Perlweine<\/a><\/li>\n<li id=\"menu-item-3367\" class=\"menu-item menu-item-type-taxonomy menu-item-object-type menu-item-3367\"><a href=\"https:\/\/www.arione.it\/de\/type\/weine-in-anderen-behaeltnissen\/\">Weine in anderen Beh\u00e4ltnissen<\/a><\/li>\n<li id=\"menu-item-3361\" class=\"menu-item menu-item-type-taxonomy menu-item-object-type menu-item-3361\"><a href=\"https:\/\/www.arione.it\/de\/type\/drink-type-de\/\">Drink<\/a><\/li>\n<li id=\"menu-item-6980\" class=\"menu-item menu-item-type-taxonomy menu-item-object-type menu-item-6980\"><a href=\"https:\/\/www.arione.it\/de\/type\/bevande-analcoliche-de\/\">Alkoholfreies Getr\u00e4nk<\/a><\/li>\n<\/ul><\/div>                                            <\/div>\n                                        <\/div>\n                                    <\/div>\n                                                            <\/div>\n                        <\/div>\n                    <\/div>\n                <\/div>\n            <\/div>\n        \n\n    <\/div>\n\n\n    <div class=\"oi-block oi-block-custom animate slide-up fade bg-white\">\n        <div class=\"container\">\n            <div class=\"row justify-content-center\">\n                <div class=\"col-12 col-md-11 col-lg-10 col-xl-8 col-xxl-6\">\n                                            <div class=\"block-header\">\n                                                            <h5 class=\"overtitle\">01<\/h5>\n                                <div class=\"divider\"><\/div>\n                                                                                        <h3 class=\"title\">Eine Familie, ein Team<\/h3>\n                                                    <\/div>\n                                                                <div class=\"block-body\">\n                                                            <div class=\"block-content\">\n\n<p>Unser Unternehmen ist ein Familienbetrieb, in dem wir Werte und Ziele Jahr f\u00fcr Jahr gemeinsam stecken. <strong>Zuverl\u00e4ssigkeit, Qualit\u00e4t, Naturschutz und Innovation sind unsere Leitprinzipien<\/strong>: Wir glauben, dass wir die Gegenwart nur verbessern k\u00f6nnen, wenn wir das <em>Heute<\/em> respektieren und an die <em>Zukunft<\/em> denken.<\/p>\n\n\n\n<p>Unsere Familie besitzt eigene Weinberge in den besten Terroirs des Piemont - den Langhe und dem Monferrato. Hier zu produzieren ist ein gro\u00dfes Gl\u00fcck, aber auch eine t\u00e4gliche Herausforderung: Unsere Aufgabe besteht darin, \u00fcber unsere Weine weiterhin authentische Geschichten von diesen wundersch\u00f6nen Landschaften zu erz\u00e4hlen.<\/p>\n\n\n\n<p>Teamarbeit gewinnt, deshalb ist unser Team gro\u00df und in jeder Abteilung gut strukturiert, von der Landwirtschaft bis hin zum Marketing.<\/p>\n\n<\/div>\n                                                                                        <a class=\"btn btn-primary\" href=\"https:\/\/www.arione.it\/de\/territorio\/\">\n                                    Entdecken Sie die Weinkeller                                <\/a>\n                                                    <\/div>\n                                                                <div class=\"block-footer\">\n                            <div class=\"parallax-images\">\n                                                                    <img decoding=\"async\" width=\"445\" height=\"462\" src=\"https:\/\/www.arione.it\/wp-content\/uploads\/2021\/10\/arione-grappolo.jpg\" class=\"parallax-left\" alt=\"\" loading=\"lazy\" srcset=\"https:\/\/www.arione.it\/wp-content\/uploads\/2021\/10\/arione-grappolo.jpg 445w, https:\/\/www.arione.it\/wp-content\/uploads\/2021\/10\/arione-grappolo-150x156.jpg 150w\" sizes=\"auto, (max-width: 445px) 100vw, 445px\" \/>                                                                                                    <img decoding=\"async\" width=\"365\" height=\"372\" src=\"https:\/\/www.arione.it\/wp-content\/uploads\/2021\/11\/arione-fratelli-vigna.jpg\" class=\"parallax-right\" alt=\"\" loading=\"lazy\" srcset=\"https:\/\/www.arione.it\/wp-content\/uploads\/2021\/11\/arione-fratelli-vigna.jpg 365w, https:\/\/www.arione.it\/wp-content\/uploads\/2021\/11\/arione-fratelli-vigna-150x153.jpg 150w\" sizes=\"auto, (max-width: 365px) 100vw, 365px\" \/>                                                            <\/div>\n                        <\/div>\n                                    <\/div>\n            <\/div>\n        <\/div>\n    <\/div>\n\n\n    <div class=\"oi-block oi-block-banner animate slide-up fade bg-transparent \">\n                    <div class=\"banner-background\">\n                <img decoding=\"async\" width=\"1800\" height=\"814\" src=\"https:\/\/www.arione.it\/wp-content\/uploads\/2021\/10\/foto-aerea.jpg\" class=\"img-fluid\" alt=\"\" loading=\"lazy\" srcset=\"https:\/\/www.arione.it\/wp-content\/uploads\/2021\/10\/foto-aerea.jpg 1800w, https:\/\/www.arione.it\/wp-content\/uploads\/2021\/10\/foto-aerea-1536x695.jpg 1536w, https:\/\/www.arione.it\/wp-content\/uploads\/2021\/10\/foto-aerea-150x68.jpg 150w, https:\/\/www.arione.it\/wp-content\/uploads\/2021\/10\/foto-aerea-575x260.jpg 575w, https:\/\/www.arione.it\/wp-content\/uploads\/2021\/10\/foto-aerea-767x347.jpg 767w, https:\/\/www.arione.it\/wp-content\/uploads\/2021\/10\/foto-aerea-991x448.jpg 991w, https:\/\/www.arione.it\/wp-content\/uploads\/2021\/10\/foto-aerea-1199x542.jpg 1199w\" sizes=\"auto, (max-width: 1800px) 100vw, 1800px\" \/>            <\/div>\n        \n        \n        \n    <\/div>\n\n\n    <div class=\"oi-block oi-block-custom animate slide-up fade bg-white\">\n        <div class=\"container\">\n            <div class=\"row justify-content-center\">\n                <div class=\"col-12 col-md-11 col-lg-10 col-xl-8 col-xxl-6\">\n                                            <div class=\"block-header\">\n                                                            <h5 class=\"overtitle\">02<\/h5>\n                                <div class=\"divider\"><\/div>\n                                                                                        <h3 class=\"title\">Arione, vier Generationen piemontesischer Winzer<\/h3>\n                                                    <\/div>\n                                                                <div class=\"block-body\">\n                                                            <div class=\"block-content\">\n\n<p>Luigi Arione gr\u00fcndete zu Beginn des 20. Jahrhunderts den Weinbaubetriebder noch heute und in vierter Generation seinen Namen tr\u00e4gt.<\/p>\n\n\n\n<p><strong>Eine Geschichte von Leidenschaft und Erfahrung<\/strong>, die seit mehr als einem Jahrhundert vom Vater an den Sohn weitergegeben wird, um sich in immer neuen Projekten weiterzuentwickeln und zu wachsen und dabei den Anforderungen der nationalen und internationalen M\u00e4rkte gerecht zu werden.<\/p>\n\n\n\n<p>Ein Jahrhundert an Weinen und bedeutenden Auszeichnungen sowohl in Italien als auch im Ausland, Zeichen eines gro\u00dfen Engagements in Hinblick auf die Forschung und das Erreichen immer h\u00f6herer Qualit\u00e4tsstandards.<\/p>\n\n\n\n<p>Heute wird der Weinbaubetrieb von den Br\u00fcdern Mauro und Luca Arione, den Verwaltern der beiden familieneigenen Weinkeller, gef\u00fchrt.<\/p>\n\n<\/div>\n                                                                                        <a class=\"btn btn-primary\" href=\"https:\/\/www.arione.it\/de\/cantine\/\">\n                                    Entdecken Sie die Region                                <\/a>\n                                                    <\/div>\n                                                                <div class=\"block-footer\">\n                            <div class=\"parallax-images\">\n                                                                    <img decoding=\"async\" width=\"445\" height=\"462\" src=\"https:\/\/www.arione.it\/wp-content\/uploads\/2021\/11\/arione-fratelli-cantina.jpg\" class=\"parallax-left\" alt=\"\" loading=\"lazy\" srcset=\"https:\/\/www.arione.it\/wp-content\/uploads\/2021\/11\/arione-fratelli-cantina.jpg 445w, https:\/\/www.arione.it\/wp-content\/uploads\/2021\/11\/arione-fratelli-cantina-150x156.jpg 150w\" sizes=\"auto, (max-width: 445px) 100vw, 445px\" \/>                                                                                                    <img decoding=\"async\" width=\"365\" height=\"372\" src=\"https:\/\/www.arione.it\/wp-content\/uploads\/2021\/10\/moscato-in-linea.jpg\" class=\"parallax-right\" alt=\"\" loading=\"lazy\" srcset=\"https:\/\/www.arione.it\/wp-content\/uploads\/2021\/10\/moscato-in-linea.jpg 365w, https:\/\/www.arione.it\/wp-content\/uploads\/2021\/10\/moscato-in-linea-150x153.jpg 150w\" sizes=\"auto, (max-width: 365px) 100vw, 365px\" \/>                                                            <\/div>\n                        <\/div>\n                                    <\/div>\n            <\/div>\n        <\/div>\n    <\/div>\n\n\n    <div class=\"oi-block oi-block-banner animate slide-up fade bg-transparent \">\n                    <div class=\"banner-background\">\n                <img decoding=\"async\" width=\"1920\" height=\"900\" src=\"https:\/\/www.arione.it\/wp-content\/uploads\/2021\/10\/arione-territorio-paesaggio-vista.jpg\" class=\"img-fluid\" alt=\"\" loading=\"lazy\" srcset=\"https:\/\/www.arione.it\/wp-content\/uploads\/2021\/10\/arione-territorio-paesaggio-vista.jpg 1920w, https:\/\/www.arione.it\/wp-content\/uploads\/2021\/10\/arione-territorio-paesaggio-vista-1536x720.jpg 1536w, https:\/\/www.arione.it\/wp-content\/uploads\/2021\/10\/arione-territorio-paesaggio-vista-150x70.jpg 150w, https:\/\/www.arione.it\/wp-content\/uploads\/2021\/10\/arione-territorio-paesaggio-vista-575x270.jpg 575w, https:\/\/www.arione.it\/wp-content\/uploads\/2021\/10\/arione-territorio-paesaggio-vista-767x360.jpg 767w, https:\/\/www.arione.it\/wp-content\/uploads\/2021\/10\/arione-territorio-paesaggio-vista-991x465.jpg 991w, https:\/\/www.arione.it\/wp-content\/uploads\/2021\/10\/arione-territorio-paesaggio-vista-1199x562.jpg 1199w\" sizes=\"auto, (max-width: 1920px) 100vw, 1920px\" \/>            <\/div>\n        \n        \n        \n    <\/div>\n","protected":false},"excerpt":{"rendered":"","protected":false},"author":1,"featured_media":0,"parent":0,"menu_order":0,"comment_status":"closed","ping_status":"open","template":"","meta":{"footnotes":""},"class_list":["post-3166","page","type-page","status-publish","hentry"],"_links":{"self":[{"href":"https:\/\/www.arione.it\/de\/wp-json\/wp\/v2\/pages\/3166","targetHints":{"allow":["GET"]}}],"collection":[{"href":"https:\/\/www.arione.it\/de\/wp-json\/wp\/v2\/pages"}],"about":[{"href":"https:\/\/www.arione.it\/de\/wp-json\/wp\/v2\/types\/page"}],"author":[{"embeddable":true,"href":"https:\/\/www.arione.it\/de\/wp-json\/wp\/v2\/users\/1"}],"replies":[{"embeddable":true,"href":"https:\/\/www.arione.it\/de\/wp-json\/wp\/v2\/comments?post=3166"}],"version-history":[{"count":7,"href":"https:\/\/www.arione.it\/de\/wp-json\/wp\/v2\/pages\/3166\/revisions"}],"predecessor-version":[{"id":3540,"href":"https:\/\/www.arione.it\/de\/wp-json\/wp\/v2\/pages\/3166\/revisions\/3540"}],"wp:attachment":[{"href":"https:\/\/www.arione.it\/de\/wp-json\/wp\/v2\/media?parent=3166"}],"curies":[{"name":"wp","href":"https:\/\/api.w.org\/{rel}","templated":true}]}}