

{"id":185,"date":"2021-07-22T15:57:29","date_gmt":"2021-07-22T13:57:29","guid":{"rendered":"https:\/\/www.arione.it\/cantine\/"},"modified":"2022-03-09T17:36:29","modified_gmt":"2022-03-09T16:36:29","slug":"cantine","status":"publish","type":"page","link":"https:\/\/www.arione.it\/de\/cantine\/","title":{"rendered":"Die weinkeller"},"content":{"rendered":"    <div class=\"oi-block oi-block-hero animate slide-up fade\">\n\n        <div class=\"hero-content\">\n                                                <div class=\"hero-image\">\n                        <img decoding=\"async\" width=\"1920\" height=\"1280\" src=\"https:\/\/www.arione.it\/wp-content\/uploads\/2021\/11\/arione_cantine-prodotti.jpg\" class=\"img-fluid\" alt=\"\" loading=\"lazy\" srcset=\"https:\/\/www.arione.it\/wp-content\/uploads\/2021\/11\/arione_cantine-prodotti.jpg 1920w, https:\/\/www.arione.it\/wp-content\/uploads\/2021\/11\/arione_cantine-prodotti-1536x1024.jpg 1536w, https:\/\/www.arione.it\/wp-content\/uploads\/2021\/11\/arione_cantine-prodotti-150x100.jpg 150w, https:\/\/www.arione.it\/wp-content\/uploads\/2021\/11\/arione_cantine-prodotti-575x383.jpg 575w, https:\/\/www.arione.it\/wp-content\/uploads\/2021\/11\/arione_cantine-prodotti-767x511.jpg 767w, https:\/\/www.arione.it\/wp-content\/uploads\/2021\/11\/arione_cantine-prodotti-991x661.jpg 991w, https:\/\/www.arione.it\/wp-content\/uploads\/2021\/11\/arione_cantine-prodotti-1199x799.jpg 1199w\" sizes=\"auto, (max-width: 1920px) 100vw, 1920px\" \/>                    <\/div>\n                            \n                            <div class=\"hero-header\">\n                    <div class=\"container\">\n                        <div class=\"row\">\n                            <div class=\"col-12 col-md-10 col-lg-8 col-xl-6 offset-lg-1\">\n                                <h1 class=\"title\"><mark style=\"background-color:rgba(0, 0, 0, 0)\" class=\"has-inline-color has-white-color\">Tradition, Qualit\u00e4t und Technologie in den familieneigenen Weinkellern<\/mark><\/h1>\n                            <\/div>\n                        <\/div>\n                    <\/div>\n                <\/div>\n            \n                            <div class=\"hero-body\">\n                    <div class=\"container\">\n                        <div class=\"row\">\n                            <div class=\"col-12 col-md-8 col-lg-6 col-xl-4 offset-lg-1\">\n                                \n\n<p><mark style=\"background-color:rgba(0, 0, 0, 0)\" class=\"has-inline-color has-white-color\">Die Produktionst\u00e4tigkeit unseres Unternehmens erfolgt in den zwei historischen Weinkellern der Familie Arione in Canelli (in der Provinz Asti) und Castiglione Tinella (in der Provinz Cuneo) zwischen Langhe und Monferrato.<\/mark><\/p>\n\n                            <\/div>\n                        <\/div>\n                    <\/div>\n                <\/div>\n                    <\/div>\n\n                    <div class=\"hero-footer\">\n                <div class=\"container\">\n                    <div class=\"row justify-content-center\">\n                        <div class=\"col-12 col-md-11 col-lg-10 col-xl-8\">\n                            <div class=\"row justify-content-center\">\n                                                                    <div class=\"col-12 col-md-6\">\n                                        <div class=\"dropdown\">\n                                            <button class=\"dropdown-toggle\" type=\"button\" id=\"dropdownMenuButton\" data-bs-toggle=\"dropdown\" aria-expanded=\"false\">\n                                                COLLECTION                                            <\/button>\n                                            <div class=\"dropdown-menu\" aria-labelledby=\"dropdownMenuButton\">\n                                                <div class=\"menu-collection-container\"><ul id=\"menu-collection\" class=\"menu\"><li id=\"menu-item-207\" class=\"menu-item menu-item-type-taxonomy menu-item-object-collection menu-item-207\"><a href=\"https:\/\/www.arione.it\/collection\/arione\/\">Arione<\/a><\/li>\n<li id=\"menu-item-209\" class=\"menu-item menu-item-type-taxonomy menu-item-object-collection menu-item-209\"><a href=\"https:\/\/www.arione.it\/collection\/contessa-di-castiglione\/\">Contessa di Castiglione<\/a><\/li>\n<li id=\"menu-item-210\" class=\"menu-item menu-item-type-taxonomy menu-item-object-collection menu-item-210\"><a href=\"https:\/\/www.arione.it\/collection\/f-lli-aliberti\/\">F.lli Aliberti<\/a><\/li>\n<li id=\"menu-item-215\" class=\"menu-item menu-item-type-taxonomy menu-item-object-collection menu-item-215\"><a href=\"https:\/\/www.arione.it\/collection\/trevil\/\">Trevil<\/a><\/li>\n<li id=\"menu-item-204\" class=\"menu-item menu-item-type-taxonomy menu-item-object-collection menu-item-204\"><a href=\"https:\/\/www.arione.it\/collection\/800\/\">800<\/a><\/li>\n<li id=\"menu-item-205\" class=\"menu-item menu-item-type-taxonomy menu-item-object-collection menu-item-205\"><a href=\"https:\/\/www.arione.it\/collection\/alte-frange\/\">Alte Frange<\/a><\/li>\n<li id=\"menu-item-213\" class=\"menu-item menu-item-type-taxonomy menu-item-object-collection menu-item-213\"><a href=\"https:\/\/www.arione.it\/collection\/rustichetto\/\">Rustichetto<\/a><\/li>\n<li id=\"menu-item-214\" class=\"menu-item menu-item-type-taxonomy menu-item-object-collection menu-item-214\"><a href=\"https:\/\/www.arione.it\/collection\/rustico-di-cantina\/\">Rustico di cantina<\/a><\/li>\n<li id=\"menu-item-206\" class=\"menu-item menu-item-type-taxonomy menu-item-object-collection menu-item-206\"><a href=\"https:\/\/www.arione.it\/collection\/antes\/\">Antes<\/a><\/li>\n<li id=\"menu-item-212\" class=\"menu-item menu-item-type-taxonomy menu-item-object-collection menu-item-212\"><a href=\"https:\/\/www.arione.it\/collection\/rico\/\">Ric\u00f2<\/a><\/li>\n<li id=\"menu-item-208\" class=\"menu-item menu-item-type-taxonomy menu-item-object-collection menu-item-208\"><a href=\"https:\/\/www.arione.it\/collection\/bruno\/\">Bruno<\/a><\/li>\n<li id=\"menu-item-216\" class=\"menu-item menu-item-type-taxonomy menu-item-object-collection menu-item-216\"><a href=\"https:\/\/www.arione.it\/collection\/umi\/\">Umi<\/a><\/li>\n<li id=\"menu-item-670\" class=\"menu-item menu-item-type-taxonomy menu-item-object-collection menu-item-670\"><a href=\"https:\/\/www.arione.it\/collection\/arione-drink\/\">Arione Drink<\/a><\/li>\n<li id=\"menu-item-211\" class=\"menu-item menu-item-type-taxonomy menu-item-object-collection menu-item-211\"><a href=\"https:\/\/www.arione.it\/collection\/mama\/\">Mama<\/a><\/li>\n<li id=\"menu-item-6868\" class=\"menu-item menu-item-type-taxonomy menu-item-object-collection menu-item-6868\"><a href=\"https:\/\/www.arione.it\/collection\/hup\/\">HUP<\/a><\/li>\n<\/ul><\/div>                                            <\/div>\n                                        <\/div>\n                                    <\/div>\n                                                                                                    <div class=\"col-12 col-md-6\">\n                                        <div class=\"dropdown\">\n                                            <button class=\"dropdown-toggle\" type=\"button\" id=\"dropdownMenuButton172\" data-bs-toggle=\"dropdown\" aria-expanded=\"false\">\n                                                WEINE                                            <\/button>\n                                            <div class=\"dropdown-menu\" aria-labelledby=\"dropdownMenuButton172\">\n                                                <div class=\"menu-weine-container\"><ul id=\"menu-weine\" class=\"menu\"><li id=\"menu-item-3366\" class=\"menu-item menu-item-type-taxonomy menu-item-object-type menu-item-3366\"><a href=\"https:\/\/www.arione.it\/de\/type\/trockene-schaumweine\/\">Trockene Schaumweine<\/a><\/li>\n<li id=\"menu-item-3364\" class=\"menu-item menu-item-type-taxonomy menu-item-object-type menu-item-3364\"><a href=\"https:\/\/www.arione.it\/de\/type\/suesse-schaumweine\/\">S\u00fc\u00dfe Schaumweine<\/a><\/li>\n<li id=\"menu-item-3363\" class=\"menu-item menu-item-type-taxonomy menu-item-object-type menu-item-3363\"><a href=\"https:\/\/www.arione.it\/de\/type\/rotweine\/\">Rotweine<\/a><\/li>\n<li id=\"menu-item-3369\" class=\"menu-item menu-item-type-taxonomy menu-item-object-type menu-item-3369\"><a href=\"https:\/\/www.arione.it\/de\/type\/weissweine\/\">Wei\u00dfweine<\/a><\/li>\n<li id=\"menu-item-3365\" class=\"menu-item menu-item-type-taxonomy menu-item-object-type menu-item-3365\"><a href=\"https:\/\/www.arione.it\/de\/type\/suessweine\/\">S\u00fc\u00dfweine<\/a><\/li>\n<li id=\"menu-item-3368\" class=\"menu-item menu-item-type-taxonomy menu-item-object-type menu-item-3368\"><a href=\"https:\/\/www.arione.it\/de\/type\/weisse-perlweine\/\">Wei\u00dfe Perlweine<\/a><\/li>\n<li id=\"menu-item-3362\" class=\"menu-item menu-item-type-taxonomy menu-item-object-type menu-item-3362\"><a href=\"https:\/\/www.arione.it\/de\/type\/rote-perlweine\/\">Rote Perlweine<\/a><\/li>\n<li id=\"menu-item-3367\" class=\"menu-item menu-item-type-taxonomy menu-item-object-type menu-item-3367\"><a href=\"https:\/\/www.arione.it\/de\/type\/weine-in-anderen-behaeltnissen\/\">Weine in anderen Beh\u00e4ltnissen<\/a><\/li>\n<li id=\"menu-item-3361\" class=\"menu-item menu-item-type-taxonomy menu-item-object-type menu-item-3361\"><a href=\"https:\/\/www.arione.it\/de\/type\/drink-type-de\/\">Drink<\/a><\/li>\n<li id=\"menu-item-6980\" class=\"menu-item menu-item-type-taxonomy menu-item-object-type menu-item-6980\"><a href=\"https:\/\/www.arione.it\/de\/type\/bevande-analcoliche-de\/\">Alkoholfreies Getr\u00e4nk<\/a><\/li>\n<\/ul><\/div>                                            <\/div>\n                                        <\/div>\n                                    <\/div>\n                                                            <\/div>\n                        <\/div>\n                    <\/div>\n                <\/div>\n            <\/div>\n        \n\n    <\/div>\n\n\n    <div class=\"oi-block oi-block-custom animate slide-up fade bg-white\">\n        <div class=\"container\">\n            <div class=\"row justify-content-center\">\n                <div class=\"col-12 col-md-11 col-lg-10 col-xl-8 col-xxl-6\">\n                                            <div class=\"block-header\">\n                                                            <h5 class=\"overtitle\">01<\/h5>\n                                <div class=\"divider\"><\/div>\n                                                                                        <h3 class=\"title\">Der Weinkeller in Canelli<\/h3>\n                                                    <\/div>\n                                                                <div class=\"block-body\">\n                                                            <div class=\"block-content\">\n\n<p>Der historische Weinkeller Arione befindet sich in <strong>Canelli<\/strong>, einer kleinen Gemeinde des <strong>Monferrato<\/strong> in der Provinz Asti: Im Laufe der Jahre hat es tiefgreifende Ver\u00e4nderungen in Sachen Technologie und Innovation erfahren und wird im Rahmen eines <strong>neuen Projekts, das auf \u00f6kologische Nachhaltigkeit abzielt<\/strong>, in naher Zukunft weiter ausgebaut und modernisiert werden. Ein Projekt, bei dem sich alles um \u00f6kologische Spitzentechnologie sowie die Optimierung des gesamten Produktionszyklus dreht: Kelterung, G\u00e4rung, Verarbeitung, Veredelung, Analyse und Qualit\u00e4tskontrolle, Abf\u00fcllung und Vermarktung. <\/p>\n\n\n\n<p>Dabei arbeiten wir seit jeher f\u00fcr die <strong>Garantie eines qualitativ hochwertigen und zertifizierten Prozesses<\/strong>, um dem Verbraucher Qualit\u00e4tsweine zu bieten, die R\u00fccksicht auf das Land und die piemontesische Weinbautradition nehmen und gleichzeitig die Besonderheiten der aus diesem wichtigen Terroir stammenden Weine hervorheben.<\/p>\n\n<\/div>\n                                                                                <\/div>\n                                                                <div class=\"block-footer\">\n                            <div class=\"parallax-images\">\n                                                                    <img decoding=\"async\" width=\"445\" height=\"462\" src=\"https:\/\/www.arione.it\/wp-content\/uploads\/2021\/10\/arione-cantina-canelli.jpg\" class=\"parallax-left\" alt=\"\" loading=\"lazy\" srcset=\"https:\/\/www.arione.it\/wp-content\/uploads\/2021\/10\/arione-cantina-canelli.jpg 445w, https:\/\/www.arione.it\/wp-content\/uploads\/2021\/10\/arione-cantina-canelli-150x156.jpg 150w\" sizes=\"auto, (max-width: 445px) 100vw, 445px\" \/>                                                                                                    <img decoding=\"async\" width=\"365\" height=\"372\" src=\"https:\/\/www.arione.it\/wp-content\/uploads\/2021\/10\/arione-vini-cantina.jpg\" class=\"parallax-right\" alt=\"\" loading=\"lazy\" srcset=\"https:\/\/www.arione.it\/wp-content\/uploads\/2021\/10\/arione-vini-cantina.jpg 365w, https:\/\/www.arione.it\/wp-content\/uploads\/2021\/10\/arione-vini-cantina-150x153.jpg 150w\" sizes=\"auto, (max-width: 365px) 100vw, 365px\" \/>                                                            <\/div>\n                        <\/div>\n                                    <\/div>\n            <\/div>\n        <\/div>\n    <\/div>\n\n\n    <div class=\"oi-block oi-block-banner animate slide-up fade bg-transparent \">\n                    <div class=\"banner-background\">\n                <img decoding=\"async\" width=\"1800\" height=\"814\" src=\"https:\/\/www.arione.it\/wp-content\/uploads\/2021\/10\/arione-filari.jpg\" class=\"img-fluid\" alt=\"\" loading=\"lazy\" srcset=\"https:\/\/www.arione.it\/wp-content\/uploads\/2021\/10\/arione-filari.jpg 1800w, https:\/\/www.arione.it\/wp-content\/uploads\/2021\/10\/arione-filari-1536x695.jpg 1536w, https:\/\/www.arione.it\/wp-content\/uploads\/2021\/10\/arione-filari-150x68.jpg 150w, https:\/\/www.arione.it\/wp-content\/uploads\/2021\/10\/arione-filari-575x260.jpg 575w, https:\/\/www.arione.it\/wp-content\/uploads\/2021\/10\/arione-filari-767x347.jpg 767w, https:\/\/www.arione.it\/wp-content\/uploads\/2021\/10\/arione-filari-991x448.jpg 991w, https:\/\/www.arione.it\/wp-content\/uploads\/2021\/10\/arione-filari-1199x542.jpg 1199w\" sizes=\"auto, (max-width: 1800px) 100vw, 1800px\" \/>            <\/div>\n        \n        \n        \n    <\/div>\n\n\n    <div class=\"oi-block oi-block-custom animate slide-up fade bg-white\">\n        <div class=\"container\">\n            <div class=\"row justify-content-center\">\n                <div class=\"col-12 col-md-11 col-lg-10 col-xl-8 col-xxl-6\">\n                                            <div class=\"block-header\">\n                                                            <h5 class=\"overtitle\">02<\/h5>\n                                <div class=\"divider\"><\/div>\n                                                                                        <h3 class=\"title\">Der Weinkeller <br>in Castiglione Tinella<\/h3>\n                                                    <\/div>\n                                                                <div class=\"block-body\">\n                                                            <div class=\"block-content\">\n\n<p>Unser historisches Familiengut liegt auf den H\u00fcgeln von <strong>Castiglione Tinella<\/strong>, einer kleinen Gemeinde in der Provinz Cuneo zwischen <strong>Langhe und Monferrato Astigiano<\/strong>. Ein magischer Ort, an dem wir private Besichtigungen und Verkostungen mit \u00dcbernachtungsm\u00f6glichkeit organisieren, um Ihnen die Weine dieser wunderbaren Landschaften, die von der UNESCO zum Weltkulturerbe erkl\u00e4rt wurden, bestm\u00f6glich n\u00e4herzubringen.<\/p>\n\n\n\n<p><\/p>\n\n<\/div>\n                                                                                <\/div>\n                                                                <div class=\"block-footer\">\n                            <div class=\"parallax-images\">\n                                                                    <img decoding=\"async\" width=\"445\" height=\"462\" src=\"https:\/\/www.arione.it\/wp-content\/uploads\/2021\/10\/moscato_arione_in_linea.jpg\" class=\"parallax-left\" alt=\"\" loading=\"lazy\" srcset=\"https:\/\/www.arione.it\/wp-content\/uploads\/2021\/10\/moscato_arione_in_linea.jpg 445w, https:\/\/www.arione.it\/wp-content\/uploads\/2021\/10\/moscato_arione_in_linea-150x156.jpg 150w\" sizes=\"auto, (max-width: 445px) 100vw, 445px\" \/>                                                                                                    <img decoding=\"async\" width=\"365\" height=\"372\" src=\"https:\/\/www.arione.it\/wp-content\/uploads\/2021\/10\/dettaglio.jpg\" class=\"parallax-right\" alt=\"\" loading=\"lazy\" srcset=\"https:\/\/www.arione.it\/wp-content\/uploads\/2021\/10\/dettaglio.jpg 365w, https:\/\/www.arione.it\/wp-content\/uploads\/2021\/10\/dettaglio-150x153.jpg 150w\" sizes=\"auto, (max-width: 365px) 100vw, 365px\" \/>                                                            <\/div>\n                        <\/div>\n                                    <\/div>\n            <\/div>\n        <\/div>\n    <\/div>\n\n\n    <div class=\"oi-block oi-block-banner animate slide-up fade bg-transparent \">\n                    <div class=\"banner-background\">\n                <img decoding=\"async\" width=\"1920\" height=\"900\" src=\"https:\/\/www.arione.it\/wp-content\/uploads\/2021\/11\/arione-castiglion-tinella-drone.jpg\" class=\"img-fluid\" alt=\"\" loading=\"lazy\" srcset=\"https:\/\/www.arione.it\/wp-content\/uploads\/2021\/11\/arione-castiglion-tinella-drone.jpg 1920w, https:\/\/www.arione.it\/wp-content\/uploads\/2021\/11\/arione-castiglion-tinella-drone-1536x720.jpg 1536w, https:\/\/www.arione.it\/wp-content\/uploads\/2021\/11\/arione-castiglion-tinella-drone-150x70.jpg 150w, https:\/\/www.arione.it\/wp-content\/uploads\/2021\/11\/arione-castiglion-tinella-drone-575x270.jpg 575w, https:\/\/www.arione.it\/wp-content\/uploads\/2021\/11\/arione-castiglion-tinella-drone-767x360.jpg 767w, https:\/\/www.arione.it\/wp-content\/uploads\/2021\/11\/arione-castiglion-tinella-drone-991x465.jpg 991w, https:\/\/www.arione.it\/wp-content\/uploads\/2021\/11\/arione-castiglion-tinella-drone-1199x562.jpg 1199w\" sizes=\"auto, (max-width: 1920px) 100vw, 1920px\" \/>            <\/div>\n        \n        \n        \n    <\/div>\n","protected":false},"excerpt":{"rendered":"","protected":false},"author":1,"featured_media":0,"parent":0,"menu_order":0,"comment_status":"closed","ping_status":"open","template":"","meta":{"footnotes":""},"class_list":["post-185","page","type-page","status-publish","hentry"],"_links":{"self":[{"href":"https:\/\/www.arione.it\/de\/wp-json\/wp\/v2\/pages\/185","targetHints":{"allow":["GET"]}}],"collection":[{"href":"https:\/\/www.arione.it\/de\/wp-json\/wp\/v2\/pages"}],"about":[{"href":"https:\/\/www.arione.it\/de\/wp-json\/wp\/v2\/types\/page"}],"author":[{"embeddable":true,"href":"https:\/\/www.arione.it\/de\/wp-json\/wp\/v2\/users\/1"}],"replies":[{"embeddable":true,"href":"https:\/\/www.arione.it\/de\/wp-json\/wp\/v2\/comments?post=185"}],"version-history":[{"count":29,"href":"https:\/\/www.arione.it\/de\/wp-json\/wp\/v2\/pages\/185\/revisions"}],"predecessor-version":[{"id":3372,"href":"https:\/\/www.arione.it\/de\/wp-json\/wp\/v2\/pages\/185\/revisions\/3372"}],"wp:attachment":[{"href":"https:\/\/www.arione.it\/de\/wp-json\/wp\/v2\/media?parent=185"}],"curies":[{"name":"wp","href":"https:\/\/api.w.org\/{rel}","templated":true}]}}